{"id":29922,"date":"2019-11-18T11:10:18","date_gmt":"2019-11-18T10:10:18","guid":{"rendered":"https:\/\/adelaide-charriere.com\/norda-kulturo\/"},"modified":"2019-11-18T11:10:19","modified_gmt":"2019-11-18T10:10:19","slug":"norda-kulturo","status":"publish","type":"page","link":"https:\/\/adelaide-charriere.com\/eo\/norda-kulturo\/","title":{"rendered":"Norda kulturo"},"content":{"rendered":"\n<p>Pasia pri nordia kulturo, mi membras plurajn skandinavajn asociojn.<\/p>\n\n<p><a href=\"http:\/\/www.nordiska.ch\">Nordiska<\/a>: Skandinava rem-klubo en Zuriko. Unu el la plej malnovaj rem-kluboj en Zuriko, \u011di kunigas parolantojn de skandinavaj lingvoj (dana, sveda, norvega, finna, islanda) a\u016d skandinava gepatro.<\/p>\n\n<p><a href=\"https:\/\/geneve.swea.org\">SWEA<\/a> (Swedish Women&#8217;s Educational Association International) \u011cenevo: asocio, kiu kunigas virinojn svedajn a\u016d svedajn parolantojn. .<br\/><\/p>\n\n<p>Dana &#8220;flexicurity&#8221; (fleksebleco kaj sekureco) \u015dajnas al mi respondi al la aktualaj defioj de nia labor-mondo<\/p>\n","protected":false},"excerpt":{"rendered":"<p>Pasia pri nordia kulturo, mi membras plurajn skandinavajn asociojn. Nordiska: Skandinava rem-klubo en Zuriko. Unu el la plej malnovaj rem-kluboj en Zuriko, \u011di kunigas parolantojn de skandinavaj lingvoj (dana, sveda, norvega, finna, islanda) a\u016d skandinava gepatro. SWEA (Swedish Women&#8217;s Educational Association International) \u011cenevo: asocio, kiu kunigas virinojn svedajn a\u016d svedajn parolantojn. . Dana &#8220;flexicurity&#8221; (fleksebleco [&hellip;]<\/p>\n","protected":false},"author":1,"featured_media":0,"parent":0,"menu_order":0,"comment_status":"closed","ping_status":"closed","template":"","meta":{"_et_pb_use_builder":"","_et_pb_old_content":"","_et_gb_content_width":"","footnotes":""},"class_list":["post-29922","page","type-page","status-publish","hentry"],"_links":{"self":[{"href":"https:\/\/adelaide-charriere.com\/eo\/wp-json\/wp\/v2\/pages\/29922","targetHints":{"allow":["GET"]}}],"collection":[{"href":"https:\/\/adelaide-charriere.com\/eo\/wp-json\/wp\/v2\/pages"}],"about":[{"href":"https:\/\/adelaide-charriere.com\/eo\/wp-json\/wp\/v2\/types\/page"}],"author":[{"embeddable":true,"href":"https:\/\/adelaide-charriere.com\/eo\/wp-json\/wp\/v2\/users\/1"}],"replies":[{"embeddable":true,"href":"https:\/\/adelaide-charriere.com\/eo\/wp-json\/wp\/v2\/comments?post=29922"}],"version-history":[{"count":1,"href":"https:\/\/adelaide-charriere.com\/eo\/wp-json\/wp\/v2\/pages\/29922\/revisions"}],"predecessor-version":[{"id":29925,"href":"https:\/\/adelaide-charriere.com\/eo\/wp-json\/wp\/v2\/pages\/29922\/revisions\/29925"}],"wp:attachment":[{"href":"https:\/\/adelaide-charriere.com\/eo\/wp-json\/wp\/v2\/media?parent=29922"}],"curies":[{"name":"wp","href":"https:\/\/api.w.org\/{rel}","templated":true}]}}