{"id":29914,"date":"2019-11-18T11:00:24","date_gmt":"2019-11-18T10:00:24","guid":{"rendered":"https:\/\/adelaide-charriere.com\/jci\/"},"modified":"2019-11-18T11:00:25","modified_gmt":"2019-11-18T10:00:25","slug":"jci","status":"publish","type":"page","link":"https:\/\/adelaide-charriere.com\/eo\/jci\/","title":{"rendered":"JCI"},"content":{"rendered":"\n<p>Malkovrita en 2010 \u0109e la E\u016dropa \u0108efurbo-Kunveno (&#8220;European Capital Meeting&#8221;) en Stokholmo, Svedio, mia asocia enga\u011digo en Junior Chamber International (JCI) ebligis min disvolvi multajn gvidajn kapablojn, teamadministradon, emociajn kapablojn kaj kreadon de novaj projektoj.<\/p>\n\n<p>Junior Chamber International (JCI) estas senprofita, politike kaj religie sendependa organizo. Je la a\u011do de 18 \u011dis 40 jaroj, \u011diaj membroj reprezentas kreemaj, kura\u011daj, mense-malfermaj ekzekutivoj, kiuj pretas developi novajn kapablojn per sia aktiva enga\u011di\u011do ene de JCI.<br\/>Aktiva en pli ol 100 landoj kaj 5 kontinentoj, \u011di havas 6&#8217;000 lokajn \u0109ambrojn kaj pli ol 200&#8217;000 membroj.<\/p>\n\n<p>Kelkaj projektoj kiujn mi iniciis en JCI:<br\/><a href=\"http:\/\/www.fit4jobs.ch\">Fit4Jobs<\/a>: trejni junajn svisojn por siaj ser\u0109adoj de laborposteno<br\/><a href=\"http:\/\/www.jciyouthlab.ch\">JCI Youth Lab<\/a>: somera kampo en \u011cenevo pri da\u016dripova evoluo por junaj e\u016dropanoj kaj japanoj<br\/><a href=\"https:\/\/www.facebook.com\/GYAParis\/\">Global Youth Ambassadors<\/a>: franca-japana kunlaboro pri da\u016dripova evoluo<\/p>\n\n<div class=\"wp-block-image\"><figure class=\"alignright is-resized\"><img loading=\"lazy\" decoding=\"async\" src=\"https:\/\/adelaide-charriere.com\/wp-content\/uploads\/2019\/09\/team-teenagers-SDG-Solution-Space-1024x643.jpg\" alt=\"\" class=\"wp-image-29465\" width=\"289\" height=\"181\" srcset=\"https:\/\/adelaide-charriere.com\/wp-content\/uploads\/2019\/09\/team-teenagers-SDG-Solution-Space-1024x643.jpg 1024w, https:\/\/adelaide-charriere.com\/wp-content\/uploads\/2019\/09\/team-teenagers-SDG-Solution-Space-300x188.jpg 300w, https:\/\/adelaide-charriere.com\/wp-content\/uploads\/2019\/09\/team-teenagers-SDG-Solution-Space-768x482.jpg 768w, https:\/\/adelaide-charriere.com\/wp-content\/uploads\/2019\/09\/team-teenagers-SDG-Solution-Space-400x250.jpg 400w, https:\/\/adelaide-charriere.com\/wp-content\/uploads\/2019\/09\/team-teenagers-SDG-Solution-Space-1080x678.jpg 1080w, https:\/\/adelaide-charriere.com\/wp-content\/uploads\/2019\/09\/team-teenagers-SDG-Solution-Space.jpg 2040w\" sizes=\"auto, (max-width: 289px) 100vw, 289px\" \/><\/figure><\/div>\n\n<div class=\"wp-block-image\"><figure class=\"alignleft is-resized\"><img loading=\"lazy\" decoding=\"async\" src=\"https:\/\/adelaide-charriere.com\/wp-content\/uploads\/2019\/09\/team-building-laugh-1024x768.jpg\" alt=\"\" class=\"wp-image-29468\" width=\"225\" height=\"169\" srcset=\"https:\/\/adelaide-charriere.com\/wp-content\/uploads\/2019\/09\/team-building-laugh-1024x768.jpg 1024w, https:\/\/adelaide-charriere.com\/wp-content\/uploads\/2019\/09\/team-building-laugh-300x225.jpg 300w, https:\/\/adelaide-charriere.com\/wp-content\/uploads\/2019\/09\/team-building-laugh-768x576.jpg 768w, https:\/\/adelaide-charriere.com\/wp-content\/uploads\/2019\/09\/team-building-laugh-510x382.jpg 510w, https:\/\/adelaide-charriere.com\/wp-content\/uploads\/2019\/09\/team-building-laugh-1080x810.jpg 1080w, https:\/\/adelaide-charriere.com\/wp-content\/uploads\/2019\/09\/team-building-laugh.jpg 2048w\" sizes=\"auto, (max-width: 225px) 100vw, 225px\" \/><\/figure><\/div>\n\n<figure class=\"wp-block-image is-resized\"><img loading=\"lazy\" decoding=\"async\" src=\"https:\/\/adelaide-charriere.com\/wp-content\/uploads\/2019\/09\/Team-JCI-YouthLab-UN.jpg\" alt=\"\" class=\"wp-image-29462\" width=\"579\" height=\"386\" srcset=\"https:\/\/adelaide-charriere.com\/wp-content\/uploads\/2019\/09\/Team-JCI-YouthLab-UN.jpg 960w, https:\/\/adelaide-charriere.com\/wp-content\/uploads\/2019\/09\/Team-JCI-YouthLab-UN-300x200.jpg 300w, https:\/\/adelaide-charriere.com\/wp-content\/uploads\/2019\/09\/Team-JCI-YouthLab-UN-768x513.jpg 768w\" sizes=\"auto, (max-width: 579px) 100vw, 579px\" \/><figcaption>JCI Youth Lab \u0109e la Unui\u011dintaj Nacioj<\/figcaption><\/figure>\n<p><span style=\"text-decoration: underline;\">Pli da informoj :<\/span><br\/>loka: <a href=\"http:\/\/facebook.com\/JCIGenevaInternational\/\">JCI Geneva International<\/a><br\/>nacia: <a href=\"http:\/\/www.jci.ch\">JCI Switzerland<\/a><br\/>internacia: <a href=\"http:\/\/www.jci.cc\">Junior Chamber International<\/a><\/p>\n","protected":false},"excerpt":{"rendered":"<p>Malkovrita en 2010 \u0109e la E\u016dropa \u0108efurbo-Kunveno (&#8220;European Capital Meeting&#8221;) en Stokholmo, Svedio, mia asocia enga\u011digo en Junior Chamber International (JCI) ebligis min disvolvi multajn gvidajn kapablojn, teamadministradon, emociajn kapablojn kaj kreadon de novaj projektoj. Junior Chamber International (JCI) estas senprofita, politike kaj religie sendependa organizo. Je la a\u011do de 18 \u011dis 40 jaroj, \u011diaj [&hellip;]<\/p>\n","protected":false},"author":1,"featured_media":0,"parent":0,"menu_order":0,"comment_status":"closed","ping_status":"closed","template":"","meta":{"_et_pb_use_builder":"","_et_pb_old_content":"","_et_gb_content_width":"","footnotes":""},"class_list":["post-29914","page","type-page","status-publish","hentry"],"_links":{"self":[{"href":"https:\/\/adelaide-charriere.com\/eo\/wp-json\/wp\/v2\/pages\/29914","targetHints":{"allow":["GET"]}}],"collection":[{"href":"https:\/\/adelaide-charriere.com\/eo\/wp-json\/wp\/v2\/pages"}],"about":[{"href":"https:\/\/adelaide-charriere.com\/eo\/wp-json\/wp\/v2\/types\/page"}],"author":[{"embeddable":true,"href":"https:\/\/adelaide-charriere.com\/eo\/wp-json\/wp\/v2\/users\/1"}],"replies":[{"embeddable":true,"href":"https:\/\/adelaide-charriere.com\/eo\/wp-json\/wp\/v2\/comments?post=29914"}],"version-history":[{"count":1,"href":"https:\/\/adelaide-charriere.com\/eo\/wp-json\/wp\/v2\/pages\/29914\/revisions"}],"predecessor-version":[{"id":29917,"href":"https:\/\/adelaide-charriere.com\/eo\/wp-json\/wp\/v2\/pages\/29914\/revisions\/29917"}],"wp:attachment":[{"href":"https:\/\/adelaide-charriere.com\/eo\/wp-json\/wp\/v2\/media?parent=29914"}],"curies":[{"name":"wp","href":"https:\/\/api.w.org\/{rel}","templated":true}]}}