{"id":29905,"date":"2019-11-18T10:50:45","date_gmt":"2019-11-18T09:50:45","guid":{"rendered":"https:\/\/adelaide-charriere.com\/esperanto\/"},"modified":"2019-11-18T10:50:46","modified_gmt":"2019-11-18T09:50:46","slug":"esperanto","status":"publish","type":"page","link":"https:\/\/adelaide-charriere.com\/eo\/esperanto\/","title":{"rendered":"Esperanto"},"content":{"rendered":"\n<p><strong>Esperanto<\/strong> estas internacia pontlingvo, kreita en 1887 de la pola kuracisto Louis Lazare Zamenhof. \u011ci estas uzata kiel pont-lingvo de homoj el pli ol 120 landoj, inkluzive kiel gepatra lingvo. Estante la oficiala lingvo de neniu \u015dtato, Esperanto provizas ne\u016dtralan ponton inter kulturoj.<\/p>\n\n<p>Mi lernis Esperanton je la a\u011do de 9 jaroj, en epoko kiam la interreto ankora\u016d estis tre malabunda kaj kie personaj retpo\u015dtoj ankora\u016d ne ekzistis &#8230; Lingvo, kiu donis al mi eblecon ricevi multajn leterojn el la tuta mondo kaj ekde infana\u011do mi malkovris la ri\u0109econ de fremdaj kulturoj.<\/p>\n\n<p>Junaj idealistoj, Dolchamar<\/p>\n\n<figure class=\"wp-block-embed-youtube wp-block-embed is-type-video is-provider-youtube wp-embed-aspect-16-9 wp-has-aspect-ratio\"><div class=\"wp-block-embed__wrapper\">\n<iframe loading=\"lazy\" title=\"Dolchamar - Junaj idealistoj video\" width=\"1080\" height=\"608\" src=\"https:\/\/www.youtube.com\/embed\/k4rcYtep0F8?feature=oembed\" frameborder=\"0\" allow=\"accelerometer; autoplay; encrypted-media; gyroscope; picture-in-picture\" allowfullscreen><\/iframe>\n<\/div><\/figure>\n<p>Ligoj<br\/><a href=\"https:\/\/uea.org\">UEA<\/a> (Universala Esperanto Asocio)<br\/><a href=\"https:\/\/www.tejo.org\">TEJO<\/a> (Tutmonda Esperanto Junulara Organizo)<br\/><a href=\"https:\/\/lernu.net\/en\">Lernu<\/a> esperanton<\/p>\n","protected":false},"excerpt":{"rendered":"<p>Esperanto estas internacia pontlingvo, kreita en 1887 de la pola kuracisto Louis Lazare Zamenhof. \u011ci estas uzata kiel pont-lingvo de homoj el pli ol 120 landoj, inkluzive kiel gepatra lingvo. Estante la oficiala lingvo de neniu \u015dtato, Esperanto provizas ne\u016dtralan ponton inter kulturoj. Mi lernis Esperanton je la a\u011do de 9 jaroj, en epoko kiam [&hellip;]<\/p>\n","protected":false},"author":1,"featured_media":0,"parent":0,"menu_order":0,"comment_status":"closed","ping_status":"closed","template":"","meta":{"_et_pb_use_builder":"","_et_pb_old_content":"","_et_gb_content_width":"","footnotes":""},"class_list":["post-29905","page","type-page","status-publish","hentry"],"_links":{"self":[{"href":"https:\/\/adelaide-charriere.com\/eo\/wp-json\/wp\/v2\/pages\/29905","targetHints":{"allow":["GET"]}}],"collection":[{"href":"https:\/\/adelaide-charriere.com\/eo\/wp-json\/wp\/v2\/pages"}],"about":[{"href":"https:\/\/adelaide-charriere.com\/eo\/wp-json\/wp\/v2\/types\/page"}],"author":[{"embeddable":true,"href":"https:\/\/adelaide-charriere.com\/eo\/wp-json\/wp\/v2\/users\/1"}],"replies":[{"embeddable":true,"href":"https:\/\/adelaide-charriere.com\/eo\/wp-json\/wp\/v2\/comments?post=29905"}],"version-history":[{"count":1,"href":"https:\/\/adelaide-charriere.com\/eo\/wp-json\/wp\/v2\/pages\/29905\/revisions"}],"predecessor-version":[{"id":29908,"href":"https:\/\/adelaide-charriere.com\/eo\/wp-json\/wp\/v2\/pages\/29905\/revisions\/29908"}],"wp:attachment":[{"href":"https:\/\/adelaide-charriere.com\/eo\/wp-json\/wp\/v2\/media?parent=29905"}],"curies":[{"name":"wp","href":"https:\/\/api.w.org\/{rel}","templated":true}]}}