{"id":29897,"date":"2019-11-18T10:45:22","date_gmt":"2019-11-18T09:45:22","guid":{"rendered":"https:\/\/adelaide-charriere.com\/danio\/"},"modified":"2019-11-18T10:45:23","modified_gmt":"2019-11-18T09:45:23","slug":"danio","status":"publish","type":"page","link":"https:\/\/adelaide-charriere.com\/eo\/danio\/","title":{"rendered":"Danio"},"content":{"rendered":"\n<p>Ekde mia unua voja\u011do al Kopenhago en 2000, mi enami\u011dis al \u0109i tiu lando, al la simpla libera pensmaniero de la dana popolo. &#8220;Flexicurity&#8221;, fleksebleco kaj sekureco, kiuj tiel bone karakterizas tiun popolon. Malgranda lando a\u016dtonoma en siaj decidoj, plena de humuro.<\/p>\n\n<p>Pionira lando, Danio ofte anta\u016dvidas en sociaj elektoj, kaj Skandinavio \u011denerale. Bela fonto de inspiro &#8230;<\/p>\n","protected":false},"excerpt":{"rendered":"<p>Ekde mia unua voja\u011do al Kopenhago en 2000, mi enami\u011dis al \u0109i tiu lando, al la simpla libera pensmaniero de la dana popolo. &#8220;Flexicurity&#8221;, fleksebleco kaj sekureco, kiuj tiel bone karakterizas tiun popolon. Malgranda lando a\u016dtonoma en siaj decidoj, plena de humuro. Pionira lando, Danio ofte anta\u016dvidas en sociaj elektoj, kaj Skandinavio \u011denerale. Bela fonto [&hellip;]<\/p>\n","protected":false},"author":1,"featured_media":0,"parent":0,"menu_order":0,"comment_status":"closed","ping_status":"closed","template":"","meta":{"_et_pb_use_builder":"off","_et_pb_old_content":"","_et_gb_content_width":"","footnotes":""},"class_list":["post-29897","page","type-page","status-publish","hentry"],"_links":{"self":[{"href":"https:\/\/adelaide-charriere.com\/eo\/wp-json\/wp\/v2\/pages\/29897","targetHints":{"allow":["GET"]}}],"collection":[{"href":"https:\/\/adelaide-charriere.com\/eo\/wp-json\/wp\/v2\/pages"}],"about":[{"href":"https:\/\/adelaide-charriere.com\/eo\/wp-json\/wp\/v2\/types\/page"}],"author":[{"embeddable":true,"href":"https:\/\/adelaide-charriere.com\/eo\/wp-json\/wp\/v2\/users\/1"}],"replies":[{"embeddable":true,"href":"https:\/\/adelaide-charriere.com\/eo\/wp-json\/wp\/v2\/comments?post=29897"}],"version-history":[{"count":1,"href":"https:\/\/adelaide-charriere.com\/eo\/wp-json\/wp\/v2\/pages\/29897\/revisions"}],"predecessor-version":[{"id":29900,"href":"https:\/\/adelaide-charriere.com\/eo\/wp-json\/wp\/v2\/pages\/29897\/revisions\/29900"}],"wp:attachment":[{"href":"https:\/\/adelaide-charriere.com\/eo\/wp-json\/wp\/v2\/media?parent=29897"}],"curies":[{"name":"wp","href":"https:\/\/api.w.org\/{rel}","templated":true}]}}