{"id":29878,"date":"2019-11-18T10:28:24","date_gmt":"2019-11-18T09:28:24","guid":{"rendered":"https:\/\/adelaide-charriere.com\/2030-sdgs-game-2030-ludo-pri-dauripova-evoluo\/"},"modified":"2020-09-29T16:55:51","modified_gmt":"2020-09-29T14:55:51","slug":"2030-sdgs-game-2030-ludo-pri-dauripova-evoluo","status":"publish","type":"page","link":"https:\/\/adelaide-charriere.com\/eo\/2030-sdgs-game-2030-ludo-pri-dauripova-evoluo\/","title":{"rendered":"2030 SDGs game &#8211; 2030 ludo pri da\u016dripova evoluo"},"content":{"rendered":"<p>[et_pb_section fb_built=&#8221;1&#8243; _builder_version=&#8221;3.22.3&#8243;][et_pb_row custom_padding=&#8221;29px|53px||||&#8221; _builder_version=&#8221;3.25.4&#8243; background_size=&#8221;initial&#8221; background_position=&#8221;top_left&#8221; background_repeat=&#8221;repeat&#8221; min_height=&#8221;87px&#8221;][et_pb_column type=&#8221;4_4&#8243; _builder_version=&#8221;3.25&#8243; custom_padding=&#8221;|||&#8221; custom_padding__hover=&#8221;|||&#8221;][et_pb_image src=&#8221;https:\/\/adelaide-charriere.com\/wp-content\/uploads\/2019\/12\/2030sdgs_logo-small.jpg&#8221; _builder_version=&#8221;3.25.4&#8243; width=&#8221;26.7%&#8221; min_height=&#8221;136px&#8221; custom_margin=&#8221;|729px||||&#8221; custom_padding=&#8221;|126px|0px|||&#8221;][\/et_pb_image][\/et_pb_column][\/et_pb_row][et_pb_row column_structure=&#8221;3_5,2_5&#8243; custom_padding=&#8221;27px||6px|||&#8221; custom_margin=&#8221;|auto|-31px|auto||&#8221; _builder_version=&#8221;3.25.4&#8243; background_size=&#8221;initial&#8221; background_position=&#8221;top_left&#8221; background_repeat=&#8221;repeat&#8221;][et_pb_column type=&#8221;3_5&#8243; _builder_version=&#8221;3.25&#8243; custom_padding=&#8221;|||&#8221; custom_padding__hover=&#8221;|||&#8221;][et_pb_text _builder_version=&#8221;3.25.4&#8243; width=&#8221;80.3%&#8221; custom_margin=&#8221;|-71px||||&#8221; custom_padding=&#8221;||29px|||&#8221;]<\/p>\n<div class=\"original-sentence-container\" data-mrk-id=\"mrk_149222052\"><\/div>\n<p>La ludo \u201c2030 SDGs game\u201d (Ludo pri 2030 Celoj por Da\u016dripova Evoluigo) estas sperto kiu ebligas kompreni kial Celoj por Da\u016dripova Evoluigo gravas kaj kia estas nia ebla impakto por konstrui mondon, kiu ta\u016dgas kun niaj valoroj.<\/p>\n<p><span style=\"font-size: 14px;\"><span>Tiu \u0109i ludo disvolvi\u011dis en 2016 en Japanio, lan\u0109i\u011dis en 2019 en Svislando kaj Francio, kun 600 atestigitaj facilitantoj el Japanio kaj 50 en la mondo.<\/span><br \/><span>Ekde pli ol 4 jaroj, \u011di havis grandan sukceson en Japanio. Tiu \u0109i ludo fari\u011dis socia kaj potenca socia fenomeno, kiu \u011duas lar\u011dan amaskomunikilan kovradon kaj atingas pli ol 150.000 partoprenantojn. Ludaj sesioj estas organizitaj en kompanioj, registaroj, lernejoj kaj diversaj komunumoj. <\/span> <\/span><span style=\"font-size: 14px;\"> <\/span><\/p>\n<div class=\"original-sentence-container\" data-mrk-id=\"mrk_149222052\"><\/div>\n<p>[\/et_pb_text][\/et_pb_column][et_pb_column type=&#8221;2_5&#8243; _builder_version=&#8221;3.25.4&#8243;][et_pb_text _builder_version=&#8221;3.0.74&#8243; background_size=&#8221;initial&#8221; background_position=&#8221;top_left&#8221; background_repeat=&#8221;repeat&#8221; width=&#8221;84.7%&#8221; min_height=&#8221;259px&#8221; custom_padding=&#8221;0px||2px|||&#8221;]<!-- divi:paragraph --><\/p>\n<p><!-- \/divi:paragraph --> <!-- divi:gallery {\"ids\":[28923]} --><\/p>\n<ul class=\"wp-block-gallery columns-1 is-cropped\">\n<li class=\"blocks-gallery-item\">\n<figure><img loading=\"lazy\" decoding=\"async\" width=\"425\" height=\"319\" class=\"wp-image-28923\" src=\"https:\/\/adelaide-charriere.com\/wp-content\/uploads\/2019\/07\/2019-02-24-SDG-game-team-Kanazawa-small.jpg\" alt=\"\" data-id=\"28923\" data-link=\"https:\/\/adelaide-charriere.com\/2030-sdgs-game\/2019-02-24-sdg-game-team-kanazawa-small\/\" srcset=\"https:\/\/adelaide-charriere.com\/wp-content\/uploads\/2019\/07\/2019-02-24-SDG-game-team-Kanazawa-small.jpg 425w, https:\/\/adelaide-charriere.com\/wp-content\/uploads\/2019\/07\/2019-02-24-SDG-game-team-Kanazawa-small-300x225.jpg 300w\" sizes=\"auto, (max-width: 425px) 100vw, 425px\" \/><figcaption>Ludsesio dum la Kanazawa (Japanio) konferenco pri da\u016dripova evoluo<\/figcaption><\/figure>\n<\/li>\n<\/ul>\n<p><!-- \/divi:gallery -->[\/et_pb_text][\/et_pb_column][\/et_pb_row][et_pb_row min_height=&#8221;63px&#8221; _builder_version=&#8221;3.25.4&#8243;][et_pb_column type=&#8221;4_4&#8243; _builder_version=&#8221;3.25.4&#8243;][et_pb_text _builder_version=&#8221;3.25.4&#8243;]<\/p>\n<h2>Celoj de la ludo &amp; kiel ludi<\/h2>\n<p>[\/et_pb_text][\/et_pb_column][\/et_pb_row][et_pb_row column_structure=&#8221;3_5,2_5&#8243; _builder_version=&#8221;3.25.4&#8243; custom_margin=&#8221;-25px|auto||auto||&#8221; min_height=&#8221;461px&#8221;][et_pb_column type=&#8221;3_5&#8243; _builder_version=&#8221;3.25.4&#8243;][et_pb_image src=&#8221;https:\/\/adelaide-charriere.com\/wp-content\/uploads\/2019\/12\/Schema-SDGs-game.jpeg&#8221; _builder_version=&#8221;3.25.4&#8243; width=&#8221;99.9%&#8221; custom_padding=&#8221;|0px||||&#8221;][\/et_pb_image][\/et_pb_column][et_pb_column type=&#8221;2_5&#8243; _builder_version=&#8221;3.25.4&#8243;][et_pb_text _builder_version=&#8221;3.25.4&#8243;]<\/p>\n<p><u>Celoj de la ludo:<br \/><\/u>Tiu ludo estas sperto kiu ebligas kompreni kial celoj de da\u016dripova evoluigo gravas kaj kia estas nia ebla efiko konstrui mondon, kiu ta\u016dgas kun niaj valoroj. Tiu plur-ludantoj ludo bazita sur kartoj simulas kiel povus aspekti la mondo en 2030. Partoprenantoj ricevas tempon kaj monon por realigi projektojn kaj labori al la realigo de siaj celoj.<\/p>\n<p><u><br \/>Lud-priskribo:<br \/><\/u>Partoprenantoj ricevas tempon kaj monon por realigi projektojn kaj kontribui al la realigo de siaj celoj. La barometro de la mondo (ekonomio, medio, socio) evoluos konsekvente la\u016d la realigo de tiuj projektoj.<\/p>\n<p>Kian rezulton vi kreos per via lud-maniero? \u0108u vi kreos prosperan, justan kaj da\u016dripovan mondon?<br \/>A\u016d \u0109u la mondo en 2030 estos e\u0109 pli malekvilibra ol hodia\u016d? <\/p>\n<p> Dankon al <a href=\"https:\/\/www.linkedin.com\/in\/antoine-louisgrand-1a5681178\/\">Antoine Louisgrand<\/a> pro sia grafika facilitatado.<\/p>\n<p>[\/et_pb_text][\/et_pb_column][\/et_pb_row][et_pb_row column_structure=&#8221;1_2,1_4,1_4&#8243; _builder_version=&#8221;3.25.4&#8243;][et_pb_column type=&#8221;1_2&#8243; _builder_version=&#8221;3.25.4&#8243;][et_pb_image src=&#8221;https:\/\/adelaide-charriere.com\/wp-content\/uploads\/2019\/12\/2019-11-08-10.15.54-exchanges.jpg&#8221; _builder_version=&#8221;3.25.4&#8243; custom_padding=&#8221;|0px||||&#8221;][\/et_pb_image][\/et_pb_column][et_pb_column type=&#8221;1_4&#8243; _builder_version=&#8221;3.25.4&#8243;][et_pb_text _builder_version=&#8221;3.25.4&#8243; width=&#8221;99.9%&#8221;]<\/p>\n<p><span><u>Anta\u016dkondi\u0109oj kaj evoluo de la ludo<br \/><\/u>La ludo estas desegnita por esti ludata far 5 \u011dis 50 ludantoj. Eblas ludi kun \u0109irka\u016d 100 ludantoj; tiam kun pluraj paralelaj \u2018mondoj\u2019 funkciantaj samtempe.<\/span><\/p>\n<p>&nbsp;<\/p>\n<p>La ludotempo da\u016dras proksimume 1 horon.<br \/>La rekomendata ludotempo estas 3 horoj. \u011ci inkluas prezenton de la celoj, klarigon de la reguloj, lud-tempon kaj komunan interparoladon kaj reflekton post la ludado.<\/p>\n<p>[\/et_pb_text][\/et_pb_column][et_pb_column type=&#8221;1_4&#8243; _builder_version=&#8221;3.25.4&#8243;][et_pb_image src=&#8221;https:\/\/adelaide-charriere.com\/wp-content\/uploads\/2019\/12\/2019-09-28-WCM-AlexandrePascal.jpg&#8221; _builder_version=&#8221;3.25.4&#8243; custom_padding=&#8221;|25px||||&#8221;][\/et_pb_image][\/et_pb_column][\/et_pb_row][et_pb_row column_structure=&#8221;1_2,1_2&#8243; _builder_version=&#8221;3.25.4&#8243;][et_pb_column type=&#8221;1_2&#8243; _builder_version=&#8221;3.25.4&#8243;][et_pb_image src=&#8221;https:\/\/adelaide-charriere.com\/wp-content\/uploads\/2019\/12\/2019-11-08-10.24.01.jpg&#8221; _builder_version=&#8221;3.25.4&#8243;][\/et_pb_image][\/et_pb_column][et_pb_column type=&#8221;1_2&#8243; _builder_version=&#8221;3.25.4&#8243;][et_pb_text _builder_version=&#8221;3.25.4&#8243; width=&#8221;100%&#8221;]<u>Kiu povas ludi tiun ludon?<\/u><br \/>\n\u0108i tiu ludo estas malferma al \u0109iuj, e\u0109 se vi ne havas anta\u016dan konon pri la SDG-oj. \u011cin ludis grandaj internaciaj korporacioj, registaraj funkciuloj, studentoj, aktivuloj kaj aliuloj. Ju pli diversaj estas la homoj kiuj ludas, des pli tio reprezentas sociecon.<br \/>\n<span style=\"font-size: 14px;\"> <\/span><\/p>\n<p>Pli da informoj pri la <a href=\"http:\/\/www.2030sdgsgame.com\">ludo<\/a> en Japanio<span style=\"font-size: 14px;\"> <\/span><span style=\"font-size: 14px;\"> <\/span>[\/et_pb_text][et_pb_text _builder_version=&#8221;3.25.4&#8243; custom_margin=&#8221;||14px|||&#8221;]<\/p>\n<h2>Testimonoj de partoprenantoj pri la ludo<\/h2>\n<p>[\/et_pb_text][et_pb_button button_url=&#8221;https:\/\/adelaide-charriere.com\/temoignages-sdgs-game\/&#8221; button_text=&#8221;Testimono&#8221; _builder_version=&#8221;3.25.4&#8243;][\/et_pb_button][\/et_pb_column][\/et_pb_row][et_pb_row column_structure=&#8221;3_5,2_5&#8243; _builder_version=&#8221;3.25.4&#8243;][et_pb_column type=&#8221;3_5&#8243; _builder_version=&#8221;3.25.4&#8243;][et_pb_text _builder_version=&#8221;3.25.4&#8243;]<\/p>\n<h2 class=\"heading\">Kiel venigi la ludon al mia komunumo?<\/h2>\n<div class=\"text-block\">\n<p>Ni \u0109iam ser\u0109as lokojn kaj gvidantojn kiuj estas interesantajn bonvenigi nin. \u0108i tiu ludo estas bonega rimedo kaj katalizilo por homoj, kiuj deziras inspiri, instigi kaj respondecigi sian komunumon a\u016d organizon por ke \u011di ali\u011du al la vizio de da\u016dripova mondo. &#8230;<\/p>\n<p>Se vi volas organizi la ludon, bonvolu kontakti min per la suba formularo. &#8230;<\/p>\n<\/div>\n<p>[\/et_pb_text][et_pb_button button_url=&#8221;https:\/\/adelaide-charriere.com\/contact\/&#8221; button_text=&#8221;Kontaktu min&#8221; _builder_version=&#8221;3.25.4&#8243;][\/et_pb_button][\/et_pb_column][et_pb_column type=&#8221;2_5&#8243; _builder_version=&#8221;3.25.4&#8243;][et_pb_image src=&#8221;https:\/\/adelaide-charriere.com\/wp-content\/uploads\/2019\/12\/20181101_Imacocolabo_English-29.jpg&#8221; _builder_version=&#8221;3.25.4&#8243; min_height=&#8221;192px&#8221;][\/et_pb_image][\/et_pb_column][\/et_pb_row][\/et_pb_section]<\/p>\n","protected":false},"excerpt":{"rendered":"<p>La ludo \u201c2030 SDGs game\u201d (Ludo pri 2030 Celoj por Da\u016dripova Evoluigo) estas sperto kiu ebligas kompreni kial Celoj por Da\u016dripova Evoluigo gravas kaj kia estas nia ebla impakto por konstrui mondon, kiu ta\u016dgas kun niaj valoroj. Tiu \u0109i ludo disvolvi\u011dis en 2016 en Japanio, lan\u0109i\u011dis en 2019 en Svislando kaj Francio, kun 600 atestigitaj [&hellip;]<\/p>\n","protected":false},"author":1,"featured_media":0,"parent":0,"menu_order":0,"comment_status":"closed","ping_status":"closed","template":"","meta":{"_et_pb_use_builder":"on","_et_pb_old_content":"","_et_gb_content_width":"","footnotes":""},"class_list":["post-29878","page","type-page","status-publish","hentry"],"_links":{"self":[{"href":"https:\/\/adelaide-charriere.com\/eo\/wp-json\/wp\/v2\/pages\/29878","targetHints":{"allow":["GET"]}}],"collection":[{"href":"https:\/\/adelaide-charriere.com\/eo\/wp-json\/wp\/v2\/pages"}],"about":[{"href":"https:\/\/adelaide-charriere.com\/eo\/wp-json\/wp\/v2\/types\/page"}],"author":[{"embeddable":true,"href":"https:\/\/adelaide-charriere.com\/eo\/wp-json\/wp\/v2\/users\/1"}],"replies":[{"embeddable":true,"href":"https:\/\/adelaide-charriere.com\/eo\/wp-json\/wp\/v2\/comments?post=29878"}],"version-history":[{"count":9,"href":"https:\/\/adelaide-charriere.com\/eo\/wp-json\/wp\/v2\/pages\/29878\/revisions"}],"predecessor-version":[{"id":30175,"href":"https:\/\/adelaide-charriere.com\/eo\/wp-json\/wp\/v2\/pages\/29878\/revisions\/30175"}],"wp:attachment":[{"href":"https:\/\/adelaide-charriere.com\/eo\/wp-json\/wp\/v2\/media?parent=29878"}],"curies":[{"name":"wp","href":"https:\/\/api.w.org\/{rel}","templated":true}]}}