{"id":29874,"date":"2019-11-18T10:18:42","date_gmt":"2019-11-18T09:18:42","guid":{"rendered":"https:\/\/adelaide-charriere.com\/japanio\/"},"modified":"2019-11-18T10:18:43","modified_gmt":"2019-11-18T09:18:43","slug":"japanio","status":"publish","type":"page","link":"https:\/\/adelaide-charriere.com\/eo\/japanio\/","title":{"rendered":"Japanio"},"content":{"rendered":"\n<div class=\"wp-block-image\"><figure class=\"alignleft is-resized\"><img loading=\"lazy\" decoding=\"async\" src=\"https:\/\/adelaide-charriere.com\/wp-content\/uploads\/2019\/09\/2018-12-17-10.47.55-1024x768.jpg\" alt=\"\" class=\"wp-image-28947\" width=\"309\" height=\"232\" srcset=\"https:\/\/adelaide-charriere.com\/wp-content\/uploads\/2019\/09\/2018-12-17-10.47.55-1024x768.jpg 1024w, https:\/\/adelaide-charriere.com\/wp-content\/uploads\/2019\/09\/2018-12-17-10.47.55-300x225.jpg 300w, https:\/\/adelaide-charriere.com\/wp-content\/uploads\/2019\/09\/2018-12-17-10.47.55-768x576.jpg 768w, https:\/\/adelaide-charriere.com\/wp-content\/uploads\/2019\/09\/2018-12-17-10.47.55-510x382.jpg 510w, https:\/\/adelaide-charriere.com\/wp-content\/uploads\/2019\/09\/2018-12-17-10.47.55-1080x810.jpg 1080w\" sizes=\"auto, (max-width: 309px) 100vw, 309px\" \/><\/figure><\/div>\n\n<p>Japanio kaj \u0109io misteria kion \u011di reprezentas&#8230; la manga, \u011diaj multnombraj sanktejoj kaj templokj, bongustega man\u011da\u0135o bazita de fi\u015do kaj rizo (nenia pli bongusta rizo ol tiu de Sakata), granda respekto kaj omotenashi kulturo&#8230;<\/p>\n\n<div class=\"wp-block-image\"><figure class=\"alignright is-resized\"><img loading=\"lazy\" decoding=\"async\" src=\"https:\/\/adelaide-charriere.com\/wp-content\/uploads\/2019\/09\/2018-12-21-23.13.22-2-1024x726.jpg\" alt=\"\" class=\"wp-image-28945\" width=\"218\" height=\"155\" srcset=\"https:\/\/adelaide-charriere.com\/wp-content\/uploads\/2019\/09\/2018-12-21-23.13.22-2-1024x726.jpg 1024w, https:\/\/adelaide-charriere.com\/wp-content\/uploads\/2019\/09\/2018-12-21-23.13.22-2-300x213.jpg 300w, https:\/\/adelaide-charriere.com\/wp-content\/uploads\/2019\/09\/2018-12-21-23.13.22-2-768x545.jpg 768w, https:\/\/adelaide-charriere.com\/wp-content\/uploads\/2019\/09\/2018-12-21-23.13.22-2-400x284.jpg 400w, https:\/\/adelaide-charriere.com\/wp-content\/uploads\/2019\/09\/2018-12-21-23.13.22-2-1080x766.jpg 1080w\" sizes=\"auto, (max-width: 218px) 100vw, 218px\" \/><\/figure><\/div>\n\n<p>En 2019 mi restadis du monatojn kaj duonon en la lando de levanta suno, unu monato en Tokio por sekvi japanan kurson, kaj poste diversaj voja\u011doj.<br\/>I\u011di denove studento je la a\u011do de 38 jaroj, \u0109irka\u016dita de junuloj en siaj dudekaj jaroj, kiuj lernas kaj memoras rapide, kiuj havas aliajn zorgojn ol trovi laboron kaj esti finance sendependaj &#8230; tio estis tre bela sperto, kun konkludo per publika parolado en la japana por danki la instruistojn pro ilia bonega instruado kaj instigo!<\/p>\n\n<div class=\"wp-block-image\"><figure class=\"alignleft is-resized\"><img loading=\"lazy\" decoding=\"async\" src=\"https:\/\/adelaide-charriere.com\/wp-content\/uploads\/2019\/09\/2018-12-16-10.00.16-1024x768.jpg\" alt=\"\" class=\"wp-image-28943\" width=\"297\" height=\"223\" srcset=\"https:\/\/adelaide-charriere.com\/wp-content\/uploads\/2019\/09\/2018-12-16-10.00.16-1024x768.jpg 1024w, https:\/\/adelaide-charriere.com\/wp-content\/uploads\/2019\/09\/2018-12-16-10.00.16-300x225.jpg 300w, https:\/\/adelaide-charriere.com\/wp-content\/uploads\/2019\/09\/2018-12-16-10.00.16-768x576.jpg 768w, https:\/\/adelaide-charriere.com\/wp-content\/uploads\/2019\/09\/2018-12-16-10.00.16-510x382.jpg 510w, https:\/\/adelaide-charriere.com\/wp-content\/uploads\/2019\/09\/2018-12-16-10.00.16-1080x810.jpg 1080w\" sizes=\"auto, (max-width: 297px) 100vw, 297px\" \/><\/figure><\/div>\n\n<p>Mirindaj pejza\u011doj, \u0109izitaj montoj videblaj de la supro de la ebeno, karesitaj de la vento kaj la fortoj de la naturo &#8230;<\/p>\n\n<div class=\"wp-block-image\"><figure class=\"alignright is-resized\"><img loading=\"lazy\" decoding=\"async\" src=\"https:\/\/adelaide-charriere.com\/wp-content\/uploads\/2019\/09\/2018-12-22-17.03.51-1024x768.jpg\" alt=\"\" class=\"wp-image-28948\" width=\"300\" height=\"225\" srcset=\"https:\/\/adelaide-charriere.com\/wp-content\/uploads\/2019\/09\/2018-12-22-17.03.51-1024x768.jpg 1024w, https:\/\/adelaide-charriere.com\/wp-content\/uploads\/2019\/09\/2018-12-22-17.03.51-300x225.jpg 300w, https:\/\/adelaide-charriere.com\/wp-content\/uploads\/2019\/09\/2018-12-22-17.03.51-768x576.jpg 768w, https:\/\/adelaide-charriere.com\/wp-content\/uploads\/2019\/09\/2018-12-22-17.03.51-510x382.jpg 510w, https:\/\/adelaide-charriere.com\/wp-content\/uploads\/2019\/09\/2018-12-22-17.03.51-1080x810.jpg 1080w\" sizes=\"auto, (max-width: 300px) 100vw, 300px\" \/><\/figure><\/div>\n\n<p>Kaj la maro tre forta elemento de la japana kulturo &#8230;<\/p>\n\n<p>Etaj kaj tre praktikaj domoj. \u011cardenoj estas tre maloftaj en Japanio, pro ofta manko de spaco Mi gustumis la bongustajn klementinojn el Asaka, anta\u016durbo de Tokio. La najbaro de mia gastiganta familio multe okupi\u011das pri sia bela \u011dardeno.<\/p>\n","protected":false},"excerpt":{"rendered":"<p>Japanio kaj \u0109io misteria kion \u011di reprezentas&#8230; la manga, \u011diaj multnombraj sanktejoj kaj templokj, bongustega man\u011da\u0135o bazita de fi\u015do kaj rizo (nenia pli bongusta rizo ol tiu de Sakata), granda respekto kaj omotenashi kulturo&#8230; En 2019 mi restadis du monatojn kaj duonon en la lando de levanta suno, unu monato en Tokio por sekvi japanan [&hellip;]<\/p>\n","protected":false},"author":1,"featured_media":0,"parent":0,"menu_order":0,"comment_status":"closed","ping_status":"closed","template":"","meta":{"_et_pb_use_builder":"off","_et_pb_old_content":"","_et_gb_content_width":"","footnotes":""},"class_list":["post-29874","page","type-page","status-publish","hentry"],"_links":{"self":[{"href":"https:\/\/adelaide-charriere.com\/eo\/wp-json\/wp\/v2\/pages\/29874","targetHints":{"allow":["GET"]}}],"collection":[{"href":"https:\/\/adelaide-charriere.com\/eo\/wp-json\/wp\/v2\/pages"}],"about":[{"href":"https:\/\/adelaide-charriere.com\/eo\/wp-json\/wp\/v2\/types\/page"}],"author":[{"embeddable":true,"href":"https:\/\/adelaide-charriere.com\/eo\/wp-json\/wp\/v2\/users\/1"}],"replies":[{"embeddable":true,"href":"https:\/\/adelaide-charriere.com\/eo\/wp-json\/wp\/v2\/comments?post=29874"}],"version-history":[{"count":1,"href":"https:\/\/adelaide-charriere.com\/eo\/wp-json\/wp\/v2\/pages\/29874\/revisions"}],"predecessor-version":[{"id":29877,"href":"https:\/\/adelaide-charriere.com\/eo\/wp-json\/wp\/v2\/pages\/29874\/revisions\/29877"}],"wp:attachment":[{"href":"https:\/\/adelaide-charriere.com\/eo\/wp-json\/wp\/v2\/media?parent=29874"}],"curies":[{"name":"wp","href":"https:\/\/api.w.org\/{rel}","templated":true}]}}