{"id":29870,"date":"2019-11-18T10:11:04","date_gmt":"2019-11-18T09:11:04","guid":{"rendered":"https:\/\/adelaide-charriere.com\/svislando\/"},"modified":"2019-11-18T10:11:05","modified_gmt":"2019-11-18T09:11:05","slug":"svislando","status":"publish","type":"page","link":"https:\/\/adelaide-charriere.com\/eo\/svislando\/","title":{"rendered":"Svislando"},"content":{"rendered":"\n<p>Lando kie mi elektis meti miajn valizojn kaj fortigi miajn radikojn.<\/p>\n\n<p>En Zuriko, en la svisgermana parto de Svislando, kie mi \u011duis la matenan kuradon al la pinto de Uetliberg por admiri la sunlevi\u011don, a\u016d preni la trajnon de Triemli kaj tobogani la\u016d la bela ne\u011dvojo vintre.<br\/>Lerni la svis-germanan tra mia laboro kaj miaj asociaj agadoj kun <a href=\"http:\/\/www.jci.ch\">JCI<\/a>. <br\/>Praktiki la danan kaj remi \u0109e <a href=\"http:\/\/www.nordiska.ch\">Nordiska<\/a> Skandinava Remado-Klubo<\/p>\n\n<p>Reen en la Romanda parto de Svislando, mi \u011duas la naturon de Vaud, proksime al la lago kaj montaroj.<br\/>Sen forgesi la internacian <a href=\"https:\/\/www.nytimes.com\/2019\/09\/12\/travel\/what-to-do-36-hours-in-geneva.html?smid=nytcore-ios-share&amp;fbclid=IwAR1QnttiXIBJ8mN8XhXEZ2relpSpe5K5tKhefKXmXw66qb0otHLy5pLlsFo\">\u011cenevon<\/a> kiu radias preter la landlimoj, forta je siaj multnombraj internaciaj organiza\u0135oj sur sia teritorio.<\/p>\n\n<div class=\"wp-block-image\"><figure class=\"alignleft is-resized\"><img loading=\"lazy\" decoding=\"async\" src=\"https:\/\/adelaide-charriere.com\/wp-content\/uploads\/2019\/09\/Geneva-at-night-FabriceCoffrini.jpg\" alt=\"\" class=\"wp-image-28953\" width=\"493\" height=\"371\" srcset=\"https:\/\/adelaide-charriere.com\/wp-content\/uploads\/2019\/09\/Geneva-at-night-FabriceCoffrini.jpg 1000w, https:\/\/adelaide-charriere.com\/wp-content\/uploads\/2019\/09\/Geneva-at-night-FabriceCoffrini-300x225.jpg 300w, https:\/\/adelaide-charriere.com\/wp-content\/uploads\/2019\/09\/Geneva-at-night-FabriceCoffrini-768x576.jpg 768w\" sizes=\"auto, (max-width: 493px) 100vw, 493px\" \/><figcaption>\u011cenevo kaj \u011diaj belaj lumoj &#8230;<\/figcaption><\/figure><\/div>\n","protected":false},"excerpt":{"rendered":"<p>Lando kie mi elektis meti miajn valizojn kaj fortigi miajn radikojn. En Zuriko, en la svisgermana parto de Svislando, kie mi \u011duis la matenan kuradon al la pinto de Uetliberg por admiri la sunlevi\u011don, a\u016d preni la trajnon de Triemli kaj tobogani la\u016d la bela ne\u011dvojo vintre.Lerni la svis-germanan tra mia laboro kaj miaj asociaj [&hellip;]<\/p>\n","protected":false},"author":1,"featured_media":0,"parent":0,"menu_order":0,"comment_status":"closed","ping_status":"closed","template":"","meta":{"_et_pb_use_builder":"off","_et_pb_old_content":"","_et_gb_content_width":"","footnotes":""},"class_list":["post-29870","page","type-page","status-publish","hentry"],"_links":{"self":[{"href":"https:\/\/adelaide-charriere.com\/eo\/wp-json\/wp\/v2\/pages\/29870","targetHints":{"allow":["GET"]}}],"collection":[{"href":"https:\/\/adelaide-charriere.com\/eo\/wp-json\/wp\/v2\/pages"}],"about":[{"href":"https:\/\/adelaide-charriere.com\/eo\/wp-json\/wp\/v2\/types\/page"}],"author":[{"embeddable":true,"href":"https:\/\/adelaide-charriere.com\/eo\/wp-json\/wp\/v2\/users\/1"}],"replies":[{"embeddable":true,"href":"https:\/\/adelaide-charriere.com\/eo\/wp-json\/wp\/v2\/comments?post=29870"}],"version-history":[{"count":1,"href":"https:\/\/adelaide-charriere.com\/eo\/wp-json\/wp\/v2\/pages\/29870\/revisions"}],"predecessor-version":[{"id":29873,"href":"https:\/\/adelaide-charriere.com\/eo\/wp-json\/wp\/v2\/pages\/29870\/revisions\/29873"}],"wp:attachment":[{"href":"https:\/\/adelaide-charriere.com\/eo\/wp-json\/wp\/v2\/media?parent=29870"}],"curies":[{"name":"wp","href":"https:\/\/api.w.org\/{rel}","templated":true}]}}