{"id":29864,"date":"2019-11-18T09:57:39","date_gmt":"2019-11-18T08:57:39","guid":{"rendered":"https:\/\/adelaide-charriere.com\/francio\/"},"modified":"2019-11-18T09:57:40","modified_gmt":"2019-11-18T08:57:40","slug":"francio","status":"publish","type":"page","link":"https:\/\/adelaide-charriere.com\/eo\/francio\/","title":{"rendered":"Francio"},"content":{"rendered":"\n<p>Ho dol\u0109a lando de mia infanceco &#8230;<br\/>La franca vivmaniero, la bongustaj &#8220;croissant&#8221; kaj &#8220;pain au chocolat&#8221; a\u016d tutsimple la bonodora bageto nur trovebla en sia naski\u011dlando!<\/p>\n\n<p>Sed ne nur, anka\u016d la lando de filozofoj de la lumoj, de la libereco de esprimo, la revolucio, kiu iniciatis multajn \u015dan\u011dojn en E\u016dropo. Grandega kultura ri\u0109eco, \u0109u en la kampo de muziko, arto a\u016d plurjarcentaj konstrua\u0135oj, sen forgesi la grandan kulturan influon eksterlande &#8230;<\/p>\n\n<p>La sporto dum tiuj famaj Delachenaj Olimpiadoj, kiuj \u011dojigas nin \u0109iujn 4 jarojn en Savojo, motivante kaj instigante nin trejni sporte, esperante gajni unu medalon a\u016d du, a\u016d simple la \u011dojon esti kune kun la familianoj.<\/p>\n\n<p>Teama spirito kaj superiri siajn kapablojn &#8230;<\/p>\n\n<figure class=\"wp-block-image\"><img decoding=\"async\" src=\"https:\/\/adelaide-charriere.com\/wp-content\/uploads\/2019\/09\/0808-olympiades-Delachenal.png\" alt=\"0808-olympiades-Delachenal.png.\"\/><\/figure>\n<figure class=\"wp-block-image\"><img decoding=\"async\" src=\"https:\/\/adelaide-charriere.com\/wp-content\/uploads\/2019\/09\/image1-1024x683.jpg\" alt=\"image1-1024x683.jpg.\"\/><figcaption>Delachenal-familio \u0109e la piedo de Arclusaz<\/figcaption><\/figure>","protected":false},"excerpt":{"rendered":"<p>Ho dol\u0109a lando de mia infanceco &#8230;La franca vivmaniero, la bongustaj &#8220;croissant&#8221; kaj &#8220;pain au chocolat&#8221; a\u016d tutsimple la bonodora bageto nur trovebla en sia naski\u011dlando! Sed ne nur, anka\u016d la lando de filozofoj de la lumoj, de la libereco de esprimo, la revolucio, kiu iniciatis multajn \u015dan\u011dojn en E\u016dropo. Grandega kultura ri\u0109eco, \u0109u en [&hellip;]<\/p>\n","protected":false},"author":1,"featured_media":0,"parent":0,"menu_order":0,"comment_status":"closed","ping_status":"closed","template":"","meta":{"_et_pb_use_builder":"on","_et_pb_old_content":"","_et_gb_content_width":"","footnotes":""},"class_list":["post-29864","page","type-page","status-publish","hentry"],"_links":{"self":[{"href":"https:\/\/adelaide-charriere.com\/eo\/wp-json\/wp\/v2\/pages\/29864","targetHints":{"allow":["GET"]}}],"collection":[{"href":"https:\/\/adelaide-charriere.com\/eo\/wp-json\/wp\/v2\/pages"}],"about":[{"href":"https:\/\/adelaide-charriere.com\/eo\/wp-json\/wp\/v2\/types\/page"}],"author":[{"embeddable":true,"href":"https:\/\/adelaide-charriere.com\/eo\/wp-json\/wp\/v2\/users\/1"}],"replies":[{"embeddable":true,"href":"https:\/\/adelaide-charriere.com\/eo\/wp-json\/wp\/v2\/comments?post=29864"}],"version-history":[{"count":1,"href":"https:\/\/adelaide-charriere.com\/eo\/wp-json\/wp\/v2\/pages\/29864\/revisions"}],"predecessor-version":[{"id":29865,"href":"https:\/\/adelaide-charriere.com\/eo\/wp-json\/wp\/v2\/pages\/29864\/revisions\/29865"}],"wp:attachment":[{"href":"https:\/\/adelaide-charriere.com\/eo\/wp-json\/wp\/v2\/media?parent=29864"}],"curies":[{"name":"wp","href":"https:\/\/api.w.org\/{rel}","templated":true}]}}