{"id":29570,"date":"2019-09-25T03:45:19","date_gmt":"2019-09-25T01:45:19","guid":{"rendered":"https:\/\/adelaide-charriere.com\/danemark\/"},"modified":"2019-09-25T03:45:20","modified_gmt":"2019-09-25T01:45:20","slug":"danemark","status":"publish","type":"page","link":"https:\/\/adelaide-charriere.com\/de\/danemark\/","title":{"rendered":"D\u00e4nemark"},"content":{"rendered":"\n<p>Seit meiner ersten Reise nach Kopenhagen im Jahr 2000 habe ich mich in diesem Land verliebt, die einfache freie Mentalit\u00e4t des d\u00e4nischen Volkes. Die Flexicurity, Flexibilit\u00e4t und Sicherheit, die die D\u00e4nen so gut repr\u00e4sentiert. Ein kleines autonomes Land in seinen Entscheidungen, voller Humor.<\/p>\n\n<p>Als Innovator kommt D\u00e4nemark mit seinen sozialen Entscheidungen oft vorw\u00e4rts, und Skandinavien im Allgemeinen. Eine sch\u00f6ne Inspirationsquelle&#8230;<\/p>\n","protected":false},"excerpt":{"rendered":"<p>Seit meiner ersten Reise nach Kopenhagen im Jahr 2000 habe ich mich in diesem Land verliebt, die einfache freie Mentalit\u00e4t des d\u00e4nischen Volkes. Die Flexicurity, Flexibilit\u00e4t und Sicherheit, die die D\u00e4nen so gut repr\u00e4sentiert. Ein kleines autonomes Land in seinen Entscheidungen, voller Humor. Als Innovator kommt D\u00e4nemark mit seinen sozialen Entscheidungen oft vorw\u00e4rts, und Skandinavien [&hellip;]<\/p>\n","protected":false},"author":1,"featured_media":0,"parent":0,"menu_order":0,"comment_status":"closed","ping_status":"closed","template":"","meta":{"_et_pb_use_builder":"off","_et_pb_old_content":"","_et_gb_content_width":"","footnotes":""},"class_list":["post-29570","page","type-page","status-publish","hentry"],"_links":{"self":[{"href":"https:\/\/adelaide-charriere.com\/de\/wp-json\/wp\/v2\/pages\/29570","targetHints":{"allow":["GET"]}}],"collection":[{"href":"https:\/\/adelaide-charriere.com\/de\/wp-json\/wp\/v2\/pages"}],"about":[{"href":"https:\/\/adelaide-charriere.com\/de\/wp-json\/wp\/v2\/types\/page"}],"author":[{"embeddable":true,"href":"https:\/\/adelaide-charriere.com\/de\/wp-json\/wp\/v2\/users\/1"}],"replies":[{"embeddable":true,"href":"https:\/\/adelaide-charriere.com\/de\/wp-json\/wp\/v2\/comments?post=29570"}],"version-history":[{"count":1,"href":"https:\/\/adelaide-charriere.com\/de\/wp-json\/wp\/v2\/pages\/29570\/revisions"}],"predecessor-version":[{"id":29572,"href":"https:\/\/adelaide-charriere.com\/de\/wp-json\/wp\/v2\/pages\/29570\/revisions\/29572"}],"wp:attachment":[{"href":"https:\/\/adelaide-charriere.com\/de\/wp-json\/wp\/v2\/media?parent=29570"}],"curies":[{"name":"wp","href":"https:\/\/api.w.org\/{rel}","templated":true}]}}