{"id":29561,"date":"2019-09-25T03:41:41","date_gmt":"2019-09-25T01:41:41","guid":{"rendered":"https:\/\/adelaide-charriere.com\/curriculum\/"},"modified":"2019-11-18T10:42:01","modified_gmt":"2019-11-18T09:42:01","slug":"curriculum","status":"publish","type":"page","link":"https:\/\/adelaide-charriere.com\/de\/curriculum\/","title":{"rendered":"Curriculum"},"content":{"rendered":"<p>[et_pb_section fb_built=&#8220;1&#8243; fullwidth=&#8220;on&#8220; admin_label=&#8220;Hero Section&#8220; _builder_version=&#8220;3.22.3&#8243; background_color=&#8220;#233b4e&#8220; parallax=&#8220;on&#8220; custom_padding=&#8220;0px|0px|0px|0px&#8220;][et_pb_fullwidth_header title=&#8220;Welt entwickeln&#8220; header_fullscreen=&#8220;on&#8220; button_one_text=&#8220;Erfahren Sie mehr&#8220; background_overlay_color=&#8220;rgba(29,38,51,0.86)&#8220; content_max_width=&#8220;700px&#8220; admin_label=&#8220;Hero&#8220; _builder_version=&#8220;3.25.4&#8243; title_font=&#8220;Oswald|on||on|&#8220; title_font_size=&#8220;80px&#8220; title_line_height=&#8220;1.3em&#8220; content_font=&#8220;Roboto||||&#8220; content_font_size=&#8220;20px&#8220; background_color=&#8220;rgba(255, 255, 255, 0)&#8220; background_image=&#8220;https:\/\/adelaide-charriere.com\/wp-content\/uploads\/2019\/10\/20110117_transmongolien_2eJourTrain086.jpg&#8220; parallax=&#8220;on&#8220; parallax_method=&#8220;on&#8220; custom_button_one=&#8220;on&#8220; button_one_border_radius=&#8220;0px&#8220; button_one_letter_spacing=&#8220;4px&#8220; button_one_font=&#8220;Oswald|on||on|&#8220; button_one_icon=&#8220;%%3%%&#8220; button_one_icon_color=&#8220;#ffffff&#8220; animation_style=&#8220;zoom&#8220; animation_direction=&#8220;bottom&#8220; animation_intensity_zoom=&#8220;4%&#8220; button_one_text_color_hover=&#8220;#ffffff&#8220; button_one_border_color_hover=&#8220;#ffffff&#8220; button_one_border_radius_hover=&#8220;0px&#8220; button_one_letter_spacing_hover=&#8220;4px&#8220; button_one_bg_color_hover=&#8220;rgba(0,0,0,0)&#8220; button_one_text_size__hover_enabled=&#8220;off&#8220; button_two_text_size__hover_enabled=&#8220;off&#8220; button_one_text_color__hover_enabled=&#8220;on&#8220; button_one_text_color__hover=&#8220;#ffffff&#8220; button_two_text_color__hover_enabled=&#8220;off&#8220; button_one_border_width__hover_enabled=&#8220;off&#8220; button_two_border_width__hover_enabled=&#8220;off&#8220; button_one_border_color__hover_enabled=&#8220;on&#8220; button_one_border_color__hover=&#8220;#ffffff&#8220; button_two_border_color__hover_enabled=&#8220;off&#8220; button_one_border_radius__hover_enabled=&#8220;on&#8220; button_one_border_radius__hover=&#8220;0px&#8220; button_two_border_radius__hover_enabled=&#8220;off&#8220; button_one_letter_spacing__hover_enabled=&#8220;on&#8220; button_one_letter_spacing__hover=&#8220;4px&#8220; button_two_letter_spacing__hover_enabled=&#8220;off&#8220; button_one_bg_color__hover_enabled=&#8220;on&#8220; button_one_bg_color__hover=&#8220;rgba(0,0,0,0)&#8220; button_two_bg_color__hover_enabled=&#8220;off&#8220;]<\/p>\n<p>Eine internationale Frau, die gerne Br\u00fccken zwischen Kulturen und gesellschaftlichen Kreisen aufbaut. Sportlich, neugierig und motiviert, um neue Horizonte zu entdecken.<\/p>\n<p>&nbsp;<\/p>\n<p>Meine Berufswerdebahn habe ich als Mathematik Lehrerin w\u00e4hrend 3 Jahren angefangen. Nachdem hatte ich mehrere Positionen in der Bank-IT w\u00e4hrende mehr als 12 Jahren.<\/p>\n<p><span style=\"font-size: 20px;\">Begeistert \u00fcber Reise, lerne ich gerne neue Sprachen, um direkt mit der Sprache des Herzens der Menschen, die ich treffe, zu kommunizieren.<\/span><\/p>\n<p>&nbsp;<\/p>\n<p>[\/et_pb_fullwidth_header][\/et_pb_section][et_pb_section fb_built=&#8220;1&#8243; _builder_version=&#8220;3.25.4&#8243;][\/et_pb_section][et_pb_section fb_built=&#8220;1&#8243; _builder_version=&#8220;3.25.4&#8243; custom_padding=&#8220;110px||98px|||&#8220; background_image=&#8220;https:\/\/adelaide-charriere.com\/wp-content\/uploads\/2019\/10\/20110125_transmongolienOBA-vitreGlace.jpg&#8220; background_size=&#8220;contain&#8220;][et_pb_row _builder_version=&#8220;3.25.4&#8243; locked=&#8220;off&#8220;][et_pb_column type=&#8220;4_4&#8243; _builder_version=&#8220;3.25&#8243; custom_padding=&#8220;|||&#8220; custom_padding__hover=&#8220;|||&#8220;][et_pb_text admin_label=&#8220;More Places Title&#8220; _builder_version=&#8220;3.0.76&#8243; text_font=&#8220;||||&#8220; text_text_color=&#8220;#1a1a1a&#8220; header_font=&#8220;Oswald|on||on|&#8220; header_text_align=&#8220;left&#8220; header_font_size=&#8220;60px&#8220; header_line_height=&#8220;1.3em&#8220; max_width=&#8220;450px&#8220; custom_margin=&#8220;|||&#8220; custom_padding=&#8220;|||&#8220; animation_style=&#8220;slide&#8220; animation_direction=&#8220;top&#8220; animation_intensity_slide=&#8220;10%&#8220;]<\/p>\n<h1>Entdecken&#8230;<\/h1>\n<p>[\/et_pb_text][et_pb_divider color=&#8220;#ed4441&#8243; divider_position=&#8220;center&#8220; divider_weight=&#8220;3px&#8220; disabled_on=&#8220;off|off|off&#8220; _builder_version=&#8220;3.2&#8243; max_width=&#8220;150px&#8220; height=&#8220;false&#8220; custom_margin=&#8220;30px|||&#8220; animation_style=&#8220;slide&#8220; animation_direction=&#8220;top&#8220; animation_delay=&#8220;100ms&#8220; animation_intensity_slide=&#8220;10%&#8220; locked=&#8220;off&#8220;][\/et_pb_divider][\/et_pb_column][\/et_pb_row][et_pb_row column_structure=&#8220;1_3,1_3,1_3&#8243; custom_padding=&#8220;|0px||||&#8220; _builder_version=&#8220;3.25.4&#8243; locked=&#8220;off&#8220;][et_pb_column type=&#8220;1_3&#8243; _builder_version=&#8220;3.25&#8243; custom_padding=&#8220;|||&#8220; custom_padding__hover=&#8220;|||&#8220;][et_pb_text admin_label=&#8220;List&#8220; _builder_version=&#8220;3.25.4&#8243; text_font=&#8220;Roboto||||&#8220; text_font_size=&#8220;16px&#8220; text_line_height=&#8220;2em&#8220; header_line_height=&#8220;1.3em&#8220; custom_padding=&#8220;10px|||&#8220; animation_style=&#8220;slide&#8220; animation_direction=&#8220;top&#8220; animation_intensity_slide=&#8220;10%&#8220;]<\/p>\n<h1>Europa<\/h1>\n<p><a href=\"http:\/\/www.adelaide-charriere.com\/suisse\">Schweiz <br \/><\/a><a href=\"http:\/\/www.adelaide-charriere.com\/france\">Frankreich<br \/><\/a><a href=\"#\" title=\"D\u00e4nemark\">D\u00e4nemark<\/a><\/p>\n<p>[\/et_pb_text][\/et_pb_column][et_pb_column type=&#8220;1_3&#8243; _builder_version=&#8220;3.25&#8243; custom_padding=&#8220;|||&#8220; custom_padding__hover=&#8220;|||&#8220;][et_pb_text admin_label=&#8220;List&#8220; _builder_version=&#8220;3.25.4&#8243; text_font=&#8220;Roboto||||&#8220; text_font_size=&#8220;16px&#8220; text_line_height=&#8220;2em&#8220; header_line_height=&#8220;1.3em&#8220; custom_padding=&#8220;10px|||&#8220; animation_style=&#8220;slide&#8220; animation_direction=&#8220;top&#8220; animation_delay=&#8220;100ms&#8220; animation_intensity_slide=&#8220;10%&#8220;]<\/p>\n<h1>Asien<\/h1>\n<p><a href=\"http:\/\/www.adelaide-charriere.com\/japon\">Japan<\/a><br \/> <a href=\"#\">China<\/a><br \/> <a href=\"#\"><\/a><\/p>\n<p>[\/et_pb_text][\/et_pb_column][et_pb_column type=&#8220;1_3&#8243; _builder_version=&#8220;3.25&#8243; custom_padding=&#8220;|||&#8220; custom_padding__hover=&#8220;|||&#8220;][et_pb_text admin_label=&#8220;List&#8220; _builder_version=&#8220;3.0.76&#8243; text_font=&#8220;Roboto||||&#8220; text_font_size=&#8220;16px&#8220; text_line_height=&#8220;2em&#8220; header_line_height=&#8220;1.3em&#8220; custom_padding=&#8220;10px|||&#8220; animation_style=&#8220;slide&#8220; animation_direction=&#8220;top&#8220; animation_delay=&#8220;300ms&#8220; animation_intensity_slide=&#8220;10%&#8220;]<\/p>\n<h1>Amerika<\/h1>\n<p><a href=\"#\">Kanada<\/a><\/p>\n<p><span style=\"font-size: 16px;\"><\/span><\/p>\n<p><a href=\"#\"><\/a><\/p>\n<p>[\/et_pb_text][\/et_pb_column][\/et_pb_row][\/et_pb_section]<\/p>\n","protected":false},"excerpt":{"rendered":"<p>Eine internationale Frau, die gerne Br\u00fccken zwischen Kulturen und gesellschaftlichen Kreisen aufbaut. Sportlich, neugierig und motiviert, um neue Horizonte zu entdecken. &nbsp; Meine Berufswerdebahn habe ich als Mathematik Lehrerin w\u00e4hrend 3 Jahren angefangen. Nachdem hatte ich mehrere Positionen in der Bank-IT w\u00e4hrende mehr als 12 Jahren. Begeistert \u00fcber Reise, lerne ich gerne neue Sprachen, um [&hellip;]<\/p>\n","protected":false},"author":1,"featured_media":0,"parent":0,"menu_order":0,"comment_status":"closed","ping_status":"closed","template":"","meta":{"_et_pb_use_builder":"on","_et_pb_old_content":"","_et_gb_content_width":"","footnotes":""},"class_list":["post-29561","page","type-page","status-publish","hentry"],"_links":{"self":[{"href":"https:\/\/adelaide-charriere.com\/de\/wp-json\/wp\/v2\/pages\/29561","targetHints":{"allow":["GET"]}}],"collection":[{"href":"https:\/\/adelaide-charriere.com\/de\/wp-json\/wp\/v2\/pages"}],"about":[{"href":"https:\/\/adelaide-charriere.com\/de\/wp-json\/wp\/v2\/types\/page"}],"author":[{"embeddable":true,"href":"https:\/\/adelaide-charriere.com\/de\/wp-json\/wp\/v2\/users\/1"}],"replies":[{"embeddable":true,"href":"https:\/\/adelaide-charriere.com\/de\/wp-json\/wp\/v2\/comments?post=29561"}],"version-history":[{"count":2,"href":"https:\/\/adelaide-charriere.com\/de\/wp-json\/wp\/v2\/pages\/29561\/revisions"}],"predecessor-version":[{"id":29896,"href":"https:\/\/adelaide-charriere.com\/de\/wp-json\/wp\/v2\/pages\/29561\/revisions\/29896"}],"wp:attachment":[{"href":"https:\/\/adelaide-charriere.com\/de\/wp-json\/wp\/v2\/media?parent=29561"}],"curies":[{"name":"wp","href":"https:\/\/api.w.org\/{rel}","templated":true}]}}