{"id":29558,"date":"2019-09-25T03:34:57","date_gmt":"2019-09-25T01:34:57","guid":{"rendered":"https:\/\/adelaide-charriere.com\/portfolio\/"},"modified":"2019-12-10T10:18:29","modified_gmt":"2019-12-10T09:18:29","slug":"portfolio","status":"publish","type":"page","link":"https:\/\/adelaide-charriere.com\/de\/portfolio\/","title":{"rendered":"PORTFOLIO"},"content":{"rendered":"<p>[et_pb_section fb_built=&#8220;1&#8243; fullwidth=&#8220;on&#8220; admin_label=&#8220;Section&#8220; _builder_version=&#8220;3.22.3&#8243; custom_padding=&#8220;0px|0px|0px|0px&#8220; transparent_background=&#8220;off&#8220; make_fullwidth=&#8220;off&#8220; use_custom_width=&#8220;off&#8220; width_unit=&#8220;off&#8220; custom_width_px=&#8220;1080px&#8220; custom_width_percent=&#8220;80%&#8220;][et_pb_fullwidth_slider admin_label=&#8220;Curseur de d\u00e9filement plein \u00e9cran&#8220; _builder_version=&#8220;3.25.4&#8243; background_size=&#8220;default&#8220; background_position=&#8220;default&#8220; custom_padding=&#8220;|||&#8220; custom_padding_tablet=&#8220;|||&#8220; custom_padding_phone=&#8220;|||&#8220; remove_inner_shadow=&#8220;on&#8220; hide_content_on_mobile=&#8220;off&#8220; hide_cta_on_mobile=&#8220;off&#8220; show_inner_shadow=&#8220;off&#8220; button_letter_spacing_hover=&#8220;0&#8243; button_text_size__hover_enabled=&#8220;off&#8220; button_one_text_size__hover_enabled=&#8220;off&#8220; button_two_text_size__hover_enabled=&#8220;off&#8220; button_text_color__hover_enabled=&#8220;off&#8220; button_one_text_color__hover_enabled=&#8220;off&#8220; button_two_text_color__hover_enabled=&#8220;off&#8220; button_border_width__hover_enabled=&#8220;off&#8220; button_one_border_width__hover_enabled=&#8220;off&#8220; button_two_border_width__hover_enabled=&#8220;off&#8220; button_border_color__hover_enabled=&#8220;off&#8220; button_one_border_color__hover_enabled=&#8220;off&#8220; button_two_border_color__hover_enabled=&#8220;off&#8220; button_border_radius__hover_enabled=&#8220;off&#8220; button_one_border_radius__hover_enabled=&#8220;off&#8220; button_two_border_radius__hover_enabled=&#8220;off&#8220; button_letter_spacing__hover_enabled=&#8220;on&#8220; button_letter_spacing__hover=&#8220;0&#8243; button_one_letter_spacing__hover_enabled=&#8220;off&#8220; button_two_letter_spacing__hover_enabled=&#8220;off&#8220; button_bg_color__hover_enabled=&#8220;off&#8220; button_one_bg_color__hover_enabled=&#8220;off&#8220; button_two_bg_color__hover_enabled=&#8220;off&#8220;][\/et_pb_fullwidth_slider][\/et_pb_section][et_pb_section fb_built=&#8220;1&#8243; background_position=&#8220;center_left&#8220; _builder_version=&#8220;3.25.4&#8243; background_image=&#8220;https:\/\/adelaide-charriere.com\/wp-content\/uploads\/2019\/12\/2019-02-22-01.20.28-aile-avion-small.jpg&#8220; custom_padding=&#8220;0px|||||&#8220;][et_pb_row min_height=&#8220;407px&#8220; _builder_version=&#8220;3.25.4&#8243; custom_padding=&#8220;23px|||||&#8220;][et_pb_column type=&#8220;4_4&#8243; _builder_version=&#8220;3.25.4&#8243;][et_pb_text _builder_version=&#8220;3.25.4&#8243;]<\/p>\n<h1>PORTFOLIO<\/h1>\n<p><span style=\"color: #000000;\">Multipotentiale Frau, ich stehe f\u00fcr Eure Unternehmen, Eure Gruppe oder Individuen f\u00fcr folgende Themen zur Verf\u00fcgung (sowohl im IT Banking Bereich so wie Facilitatierung oder Moderation von Workshops):<\/span><\/p>\n<ul>\n<li><a href=\"https:\/\/www.linkedin.com\/in\/ad%C3%A9la%C3%AFde-charri%C3%A8re-5a17a58\/\" target=\"_blank\" rel=\"noopener noreferrer\" title=\"LinkedIn-Profil\">IT-Beraterin<\/a> <span style=\"color: #000000;\">(Banking oder andere):<\/span><br \/> <span style=\"color: #000000;\"> Business Analyst<\/span><br \/>  <span style=\"color: #000000;\">Testmanagerin<br \/><\/span> <span style=\"color: #000000;\">Projektmanagerin<\/span><\/li>\n<\/ul>\n<ul>\n<li><a href=\"https:\/\/www.linkedin.com\/in\/ad%C3%A9la%C3%AFde-charri%C3%A8re-5a17a58\/\" target=\"_blank\" rel=\"noopener noreferrer\" title=\"LinkedIn-Profil\"><br \/>Trainerin f\u00fcr IT banking Software<\/a> <span style=\"color: #000000;\"><\/span><br \/> <span style=\"color: #000000;\"> Word: Layout und Verwendung von Stilen<\/span><br \/> <span style=\"color: #000000;\"> Excel: Pivot-Tabelle, Makros<\/span><span style=\"color: #000000;\"><\/span><\/li>\n<\/ul>\n<p><span style=\"color: #000000;\"><\/span><\/p>\n<ul>\n<li><a href=\"https:\/\/adelaide-charriere.com\/de\/spiel-sdgs-2030-game\/\" title=\"2030 SDGs Game Seite\">Facilitatorin<\/a> <span style=\"color: #000000;\">des Spiels &#8222;2030 SDGs Game&#8220;<\/span><br \/> <span style=\"color: #000000;\"> Ein Spiel, das in Japan entwickelt wurde und das simuliert, wie die Welt im Jahr 2030 aussehen wird.<\/span><\/li>\n<\/ul>\n<p><span style=\"color: #000000;\"><\/span><\/p>\n<ul>\n<li><span style=\"color: #000000;\">Sonstige Aktivit\u00e4ten<\/span> <a href=\"https:\/\/adelaide-charriere.com\/de\/in-verarbeitung\/\">in Verarbeitung<\/a><\/li>\n<\/ul>\n<p>[\/et_pb_text][\/et_pb_column][\/et_pb_row][\/et_pb_section]<\/p>\n","protected":false},"excerpt":{"rendered":"<p>PORTFOLIO Multipotentiale Frau, ich stehe f\u00fcr Eure Unternehmen, Eure Gruppe oder Individuen f\u00fcr folgende Themen zur Verf\u00fcgung (sowohl im IT Banking Bereich so wie Facilitatierung oder Moderation von Workshops): IT-Beraterin (Banking oder andere): Business Analyst Testmanagerin Projektmanagerin Trainerin f\u00fcr IT banking Software Word: Layout und Verwendung von Stilen Excel: Pivot-Tabelle, Makros Facilitatorin des Spiels &#8222;2030 [&hellip;]<\/p>\n","protected":false},"author":0,"featured_media":0,"parent":0,"menu_order":0,"comment_status":"closed","ping_status":"closed","template":"","meta":{"_et_pb_use_builder":"on","_et_pb_old_content":"","_et_gb_content_width":"","footnotes":""},"class_list":["post-29558","page","type-page","status-publish","hentry"],"_links":{"self":[{"href":"https:\/\/adelaide-charriere.com\/de\/wp-json\/wp\/v2\/pages\/29558","targetHints":{"allow":["GET"]}}],"collection":[{"href":"https:\/\/adelaide-charriere.com\/de\/wp-json\/wp\/v2\/pages"}],"about":[{"href":"https:\/\/adelaide-charriere.com\/de\/wp-json\/wp\/v2\/types\/page"}],"replies":[{"embeddable":true,"href":"https:\/\/adelaide-charriere.com\/de\/wp-json\/wp\/v2\/comments?post=29558"}],"version-history":[{"count":2,"href":"https:\/\/adelaide-charriere.com\/de\/wp-json\/wp\/v2\/pages\/29558\/revisions"}],"predecessor-version":[{"id":30105,"href":"https:\/\/adelaide-charriere.com\/de\/wp-json\/wp\/v2\/pages\/29558\/revisions\/30105"}],"wp:attachment":[{"href":"https:\/\/adelaide-charriere.com\/de\/wp-json\/wp\/v2\/media?parent=29558"}],"curies":[{"name":"wp","href":"https:\/\/api.w.org\/{rel}","templated":true}]}}