{"id":29552,"date":"2019-09-25T03:27:18","date_gmt":"2019-09-25T01:27:18","guid":{"rendered":"https:\/\/adelaide-charriere.com\/nordische-kultur\/"},"modified":"2019-09-25T03:27:19","modified_gmt":"2019-09-25T01:27:19","slug":"nordische-kultur","status":"publish","type":"page","link":"https:\/\/adelaide-charriere.com\/de\/nordische-kultur\/","title":{"rendered":"Nordische Kultur"},"content":{"rendered":"\n<p>Begeistert bei der nordischen Kultur, bin ich in mehreren skandinavischen Vereinen engagiert.<\/p>\n\n<p><a href=\"http:\/\/www.nordiska.ch\">Nordiska:<\/a>Skandinavischer Ruderklub in Z\u00fcrich. Eine der \u00e4ltesten Rudervereine Z\u00fcrichs, Nordiska bringt zusammen Leute, die eine skandinavische Sprache reden (D\u00e4nisch, Schwedisch, Norwegisch, Finnisch, Isl\u00e4ndisch) oder aus skandinavischen Herkunft sind.<\/p>\n\n<p><a href=\"https:\/\/geneve.swea.org\">SWEA<\/a> (Swedish Women&#8217;s Educational Association International) &#8211; (Schwedischer Frauenbildungsverband International) Genf: eine Verein, der schwedische Frauen oder schwedische Sprecherinnen zusammenbringt. &#8230;<br\/><\/p>\n\n<p>Flexicurity nach dem d\u00e4nischen Vorbild (Flexibilit\u00e4t und Sicherheit) scheint mir den aktuellen Herausforderungen in der Arbeitswelt zu entsprechen.<\/p>\n","protected":false},"excerpt":{"rendered":"<p>Begeistert bei der nordischen Kultur, bin ich in mehreren skandinavischen Vereinen engagiert. Nordiska:Skandinavischer Ruderklub in Z\u00fcrich. Eine der \u00e4ltesten Rudervereine Z\u00fcrichs, Nordiska bringt zusammen Leute, die eine skandinavische Sprache reden (D\u00e4nisch, Schwedisch, Norwegisch, Finnisch, Isl\u00e4ndisch) oder aus skandinavischen Herkunft sind. SWEA (Swedish Women&#8217;s Educational Association International) &#8211; (Schwedischer Frauenbildungsverband International) Genf: eine Verein, der schwedische [&hellip;]<\/p>\n","protected":false},"author":1,"featured_media":0,"parent":0,"menu_order":0,"comment_status":"closed","ping_status":"closed","template":"","meta":{"_et_pb_use_builder":"","_et_pb_old_content":"","_et_gb_content_width":"","footnotes":""},"class_list":["post-29552","page","type-page","status-publish","hentry"],"_links":{"self":[{"href":"https:\/\/adelaide-charriere.com\/de\/wp-json\/wp\/v2\/pages\/29552","targetHints":{"allow":["GET"]}}],"collection":[{"href":"https:\/\/adelaide-charriere.com\/de\/wp-json\/wp\/v2\/pages"}],"about":[{"href":"https:\/\/adelaide-charriere.com\/de\/wp-json\/wp\/v2\/types\/page"}],"author":[{"embeddable":true,"href":"https:\/\/adelaide-charriere.com\/de\/wp-json\/wp\/v2\/users\/1"}],"replies":[{"embeddable":true,"href":"https:\/\/adelaide-charriere.com\/de\/wp-json\/wp\/v2\/comments?post=29552"}],"version-history":[{"count":1,"href":"https:\/\/adelaide-charriere.com\/de\/wp-json\/wp\/v2\/pages\/29552\/revisions"}],"predecessor-version":[{"id":29553,"href":"https:\/\/adelaide-charriere.com\/de\/wp-json\/wp\/v2\/pages\/29552\/revisions\/29553"}],"wp:attachment":[{"href":"https:\/\/adelaide-charriere.com\/de\/wp-json\/wp\/v2\/media?parent=29552"}],"curies":[{"name":"wp","href":"https:\/\/api.w.org\/{rel}","templated":true}]}}