{"id":29546,"date":"2019-09-25T03:20:02","date_gmt":"2019-09-25T01:20:02","guid":{"rendered":"https:\/\/adelaide-charriere.com\/jci-wj\/"},"modified":"2019-09-25T03:20:03","modified_gmt":"2019-09-25T01:20:03","slug":"jci-wj","status":"publish","type":"page","link":"https:\/\/adelaide-charriere.com\/de\/jci-wj\/","title":{"rendered":"JCI &#8211; WJ"},"content":{"rendered":"\n<p>Im Jahr 2010 auf dem European Capital Meeting in Stockholm, Schweden entdeckt, hat mein Verein alitencing in Junior Chamber International (JCI) mir erlaubt, viele F\u00fchrungskompetenzen, Teammanagement, Soft Skills und die Schaffung neuer Projekte.<\/p>\n\n<p>Die Junior Chamber International (JCI) ist eine gemeinn\u00fctzige, politisch und religi\u00f6s unabh\u00e4ngige Organisation. Im Alter von 18 bis 40 Jahren vertreten ihre Mitglieder kreative, mutige und offene F\u00fchrungskr\u00e4fte, die durch ihr aktives Engagement bei JCI bereit sind, neue F\u00e4higkeiten zu entwickeln.<br\/>Das Unternehmen ist in mehr als 100 L\u00e4ndern und auf 5 Kontinenten aktiv und hat 6.000 Zimmer und mehr als 200.000 Mitglieder.<\/p>\n\n<p>Einige im Rahmen des JCI initiierte Projekte:<br\/><a href=\"http:\/\/www.fit4jobs.ch\">Fit4Jobs:<\/a>Coaching von jungen Schweizern f\u00fcr die Suche einer Lehre<br\/><a href=\"http:\/\/www.jciyouthlab.ch\">JCI Youth Lab:<\/a>Sommerkamp in Genf \u00fcber nachhaltige Entwicklung f\u00fcr Jugendliche aus Europa und Japan<br\/><a href=\"https:\/\/www.facebook.com\/GYAParis\/\">Global Youth Ambassadors:<\/a>Franz\u00f6sische-japanische Zusammenarbeit im Bereich nachhaltiger Entwicklung<\/p>\n\n<div class=\"wp-block-image\"><figure class=\"alignright is-resized\"><img loading=\"lazy\" decoding=\"async\" src=\"https:\/\/adelaide-charriere.com\/wp-content\/uploads\/2019\/09\/team-teenagers-SDG-Solution-Space-1024x643.jpg\" alt=\"\" class=\"wp-image-29465\" width=\"289\" height=\"181\" srcset=\"https:\/\/adelaide-charriere.com\/wp-content\/uploads\/2019\/09\/team-teenagers-SDG-Solution-Space-1024x643.jpg 1024w, https:\/\/adelaide-charriere.com\/wp-content\/uploads\/2019\/09\/team-teenagers-SDG-Solution-Space-300x188.jpg 300w, https:\/\/adelaide-charriere.com\/wp-content\/uploads\/2019\/09\/team-teenagers-SDG-Solution-Space-768x482.jpg 768w, https:\/\/adelaide-charriere.com\/wp-content\/uploads\/2019\/09\/team-teenagers-SDG-Solution-Space-400x250.jpg 400w, https:\/\/adelaide-charriere.com\/wp-content\/uploads\/2019\/09\/team-teenagers-SDG-Solution-Space-1080x678.jpg 1080w, https:\/\/adelaide-charriere.com\/wp-content\/uploads\/2019\/09\/team-teenagers-SDG-Solution-Space.jpg 2040w\" sizes=\"auto, (max-width: 289px) 100vw, 289px\" \/><\/figure><\/div>\n\n<div class=\"wp-block-image\"><figure class=\"alignleft is-resized\"><img loading=\"lazy\" decoding=\"async\" src=\"https:\/\/adelaide-charriere.com\/wp-content\/uploads\/2019\/09\/team-building-laugh-1024x768.jpg\" alt=\"\" class=\"wp-image-29468\" width=\"225\" height=\"169\" srcset=\"https:\/\/adelaide-charriere.com\/wp-content\/uploads\/2019\/09\/team-building-laugh-1024x768.jpg 1024w, https:\/\/adelaide-charriere.com\/wp-content\/uploads\/2019\/09\/team-building-laugh-300x225.jpg 300w, https:\/\/adelaide-charriere.com\/wp-content\/uploads\/2019\/09\/team-building-laugh-768x576.jpg 768w, https:\/\/adelaide-charriere.com\/wp-content\/uploads\/2019\/09\/team-building-laugh-510x382.jpg 510w, https:\/\/adelaide-charriere.com\/wp-content\/uploads\/2019\/09\/team-building-laugh-1080x810.jpg 1080w, https:\/\/adelaide-charriere.com\/wp-content\/uploads\/2019\/09\/team-building-laugh.jpg 2048w\" sizes=\"auto, (max-width: 225px) 100vw, 225px\" \/><\/figure><\/div>\n\n<figure class=\"wp-block-image is-resized\"><img loading=\"lazy\" decoding=\"async\" src=\"https:\/\/adelaide-charriere.com\/wp-content\/uploads\/2019\/09\/Team-JCI-YouthLab-UN.jpg\" alt=\"\" class=\"wp-image-29462\" width=\"579\" height=\"386\" srcset=\"https:\/\/adelaide-charriere.com\/wp-content\/uploads\/2019\/09\/Team-JCI-YouthLab-UN.jpg 960w, https:\/\/adelaide-charriere.com\/wp-content\/uploads\/2019\/09\/Team-JCI-YouthLab-UN-300x200.jpg 300w, https:\/\/adelaide-charriere.com\/wp-content\/uploads\/2019\/09\/Team-JCI-YouthLab-UN-768x513.jpg 768w\" sizes=\"auto, (max-width: 579px) 100vw, 579px\" \/><figcaption>Die JCI Youth Lab Gruppe bei der UNO<\/figcaption><\/figure>\n<p><span style=\"text-decoration: underline;\">Weitere Informationen:<\/span><br\/>lokal: <a href=\"http:\/\/facebook.com\/JCIGenevaInternational\/\">JCI Geneva International<\/a><br\/>National: <a href=\"http:\/\/www.jci.ch\">JCI Schweiz<\/a><br\/>International: <a href=\"http:\/\/www.jci.cc\">Junior Chamber International<\/a><\/p>\n","protected":false},"excerpt":{"rendered":"<p>Im Jahr 2010 auf dem European Capital Meeting in Stockholm, Schweden entdeckt, hat mein Verein alitencing in Junior Chamber International (JCI) mir erlaubt, viele F\u00fchrungskompetenzen, Teammanagement, Soft Skills und die Schaffung neuer Projekte. Die Junior Chamber International (JCI) ist eine gemeinn\u00fctzige, politisch und religi\u00f6s unabh\u00e4ngige Organisation. Im Alter von 18 bis 40 Jahren vertreten ihre [&hellip;]<\/p>\n","protected":false},"author":1,"featured_media":0,"parent":0,"menu_order":0,"comment_status":"closed","ping_status":"closed","template":"","meta":{"_et_pb_use_builder":"","_et_pb_old_content":"","_et_gb_content_width":"","footnotes":""},"class_list":["post-29546","page","type-page","status-publish","hentry"],"_links":{"self":[{"href":"https:\/\/adelaide-charriere.com\/de\/wp-json\/wp\/v2\/pages\/29546","targetHints":{"allow":["GET"]}}],"collection":[{"href":"https:\/\/adelaide-charriere.com\/de\/wp-json\/wp\/v2\/pages"}],"about":[{"href":"https:\/\/adelaide-charriere.com\/de\/wp-json\/wp\/v2\/types\/page"}],"author":[{"embeddable":true,"href":"https:\/\/adelaide-charriere.com\/de\/wp-json\/wp\/v2\/users\/1"}],"replies":[{"embeddable":true,"href":"https:\/\/adelaide-charriere.com\/de\/wp-json\/wp\/v2\/comments?post=29546"}],"version-history":[{"count":1,"href":"https:\/\/adelaide-charriere.com\/de\/wp-json\/wp\/v2\/pages\/29546\/revisions"}],"predecessor-version":[{"id":29548,"href":"https:\/\/adelaide-charriere.com\/de\/wp-json\/wp\/v2\/pages\/29546\/revisions\/29548"}],"wp:attachment":[{"href":"https:\/\/adelaide-charriere.com\/de\/wp-json\/wp\/v2\/media?parent=29546"}],"curies":[{"name":"wp","href":"https:\/\/api.w.org\/{rel}","templated":true}]}}