{"id":29544,"date":"2019-09-25T03:16:01","date_gmt":"2019-09-25T01:16:01","guid":{"rendered":"https:\/\/adelaide-charriere.com\/in-verarbeitung\/"},"modified":"2019-09-25T03:16:02","modified_gmt":"2019-09-25T01:16:02","slug":"in-verarbeitung","status":"publish","type":"page","link":"https:\/\/adelaide-charriere.com\/de\/in-verarbeitung\/","title":{"rendered":"In Verarbeitung&#8230;"},"content":{"rendered":"\n<p>Interkultureller Workshop<br\/>IT-Training<br\/>Hilfe bei transnationalen Steuererkl\u00e4rungen<br\/>&#8230; <\/p>\n\n<p><em>Z\u00f6gern Sie nicht, nach einer speziellen Dienstleistung, die zu Euren Bed\u00fcrfnisse angepasst ist, nachzufragen.<\/em><\/p>\n","protected":false},"excerpt":{"rendered":"<p>Interkultureller WorkshopIT-TrainingHilfe bei transnationalen Steuererkl\u00e4rungen&#8230; Z\u00f6gern Sie nicht, nach einer speziellen Dienstleistung, die zu Euren Bed\u00fcrfnisse angepasst ist, nachzufragen.<\/p>\n","protected":false},"author":1,"featured_media":0,"parent":0,"menu_order":0,"comment_status":"closed","ping_status":"closed","template":"","meta":{"_et_pb_use_builder":"","_et_pb_old_content":"","_et_gb_content_width":"","footnotes":""},"class_list":["post-29544","page","type-page","status-publish","hentry"],"_links":{"self":[{"href":"https:\/\/adelaide-charriere.com\/de\/wp-json\/wp\/v2\/pages\/29544","targetHints":{"allow":["GET"]}}],"collection":[{"href":"https:\/\/adelaide-charriere.com\/de\/wp-json\/wp\/v2\/pages"}],"about":[{"href":"https:\/\/adelaide-charriere.com\/de\/wp-json\/wp\/v2\/types\/page"}],"author":[{"embeddable":true,"href":"https:\/\/adelaide-charriere.com\/de\/wp-json\/wp\/v2\/users\/1"}],"replies":[{"embeddable":true,"href":"https:\/\/adelaide-charriere.com\/de\/wp-json\/wp\/v2\/comments?post=29544"}],"version-history":[{"count":1,"href":"https:\/\/adelaide-charriere.com\/de\/wp-json\/wp\/v2\/pages\/29544\/revisions"}],"predecessor-version":[{"id":29545,"href":"https:\/\/adelaide-charriere.com\/de\/wp-json\/wp\/v2\/pages\/29544\/revisions\/29545"}],"wp:attachment":[{"href":"https:\/\/adelaide-charriere.com\/de\/wp-json\/wp\/v2\/media?parent=29544"}],"curies":[{"name":"wp","href":"https:\/\/api.w.org\/{rel}","templated":true}]}}