{"id":29538,"date":"2019-09-25T03:05:51","date_gmt":"2019-09-25T01:05:51","guid":{"rendered":"https:\/\/adelaide-charriere.com\/esperanto\/"},"modified":"2019-09-25T03:05:52","modified_gmt":"2019-09-25T01:05:52","slug":"esperanto","status":"publish","type":"page","link":"https:\/\/adelaide-charriere.com\/de\/esperanto\/","title":{"rendered":"Esperanto"},"content":{"rendered":"\n<p><strong>Esperanto<\/strong> ist eine internationale Sprache, die in 1887 von dem polnischen Arzt Louis Lazare Zamenhof kreiert wurde. Es wird von Menschen aus mehr als 120 L\u00e4ndern verwendet, einige f\u00fcr wen es die Muttersprache ist. Da Esperanto die offizielle Sprache von keinem Staat ist, erlaubt es, eine neutrale Br\u00fccke zwischen den Kulturen aufzubauen.<\/p>\n\n<p>Ich habe Esperanto mit 9 Jahren alt gelernt, an einer Zeit, wo Internet noch sehr selten war und pers\u00f6nliche E-Mails noch nicht existierten&#8230; Eine Sprache, die es mir erm\u00f6glichte, viele Briefe aus der ganzen Welt zu erhalten und mich seit der Kindheit an an den Reichtum fremder Kulturen zu er\u00f6ffnen.<\/p>\n\n<p>Junaj idealistoj, Dolchamar<\/p>\n\n<figure class=\"wp-block-embed-youtube wp-block-embed is-type-video is-provider-youtube wp-embed-aspect-16-9 wp-has-aspect-ratio\"><div class=\"wp-block-embed__wrapper\">\n<iframe loading=\"lazy\" title=\"Dolchamar - Junaj idealistoj video\" width=\"1080\" height=\"608\" src=\"https:\/\/www.youtube.com\/embed\/k4rcYtep0F8?feature=oembed\" frameborder=\"0\" allow=\"accelerometer; autoplay; encrypted-media; gyroscope; picture-in-picture\" allowfullscreen><\/iframe>\n<\/div><\/figure>\n<p>Links<br\/><a href=\"https:\/\/uea.org\">UEA<\/a> (Universala Esperanto Asocio)<br\/><a href=\"https:\/\/www.tejo.org\">TEJO<\/a> (Tutmonda Esperanto Junulara Organizo)<br\/>Auf <a href=\"https:\/\/lernu.net\/en\">lernu<\/a> lernen.<\/p>\n","protected":false},"excerpt":{"rendered":"<p>Esperanto ist eine internationale Sprache, die in 1887 von dem polnischen Arzt Louis Lazare Zamenhof kreiert wurde. Es wird von Menschen aus mehr als 120 L\u00e4ndern verwendet, einige f\u00fcr wen es die Muttersprache ist. Da Esperanto die offizielle Sprache von keinem Staat ist, erlaubt es, eine neutrale Br\u00fccke zwischen den Kulturen aufzubauen. Ich habe Esperanto [&hellip;]<\/p>\n","protected":false},"author":1,"featured_media":0,"parent":0,"menu_order":0,"comment_status":"closed","ping_status":"closed","template":"","meta":{"_et_pb_use_builder":"","_et_pb_old_content":"","_et_gb_content_width":"","footnotes":""},"class_list":["post-29538","page","type-page","status-publish","hentry"],"_links":{"self":[{"href":"https:\/\/adelaide-charriere.com\/de\/wp-json\/wp\/v2\/pages\/29538","targetHints":{"allow":["GET"]}}],"collection":[{"href":"https:\/\/adelaide-charriere.com\/de\/wp-json\/wp\/v2\/pages"}],"about":[{"href":"https:\/\/adelaide-charriere.com\/de\/wp-json\/wp\/v2\/types\/page"}],"author":[{"embeddable":true,"href":"https:\/\/adelaide-charriere.com\/de\/wp-json\/wp\/v2\/users\/1"}],"replies":[{"embeddable":true,"href":"https:\/\/adelaide-charriere.com\/de\/wp-json\/wp\/v2\/comments?post=29538"}],"version-history":[{"count":1,"href":"https:\/\/adelaide-charriere.com\/de\/wp-json\/wp\/v2\/pages\/29538\/revisions"}],"predecessor-version":[{"id":29540,"href":"https:\/\/adelaide-charriere.com\/de\/wp-json\/wp\/v2\/pages\/29538\/revisions\/29540"}],"wp:attachment":[{"href":"https:\/\/adelaide-charriere.com\/de\/wp-json\/wp\/v2\/media?parent=29538"}],"curies":[{"name":"wp","href":"https:\/\/api.w.org\/{rel}","templated":true}]}}