{"id":29535,"date":"2019-09-25T03:02:07","date_gmt":"2019-09-25T01:02:07","guid":{"rendered":"https:\/\/adelaide-charriere.com\/japan\/"},"modified":"2019-09-25T03:02:08","modified_gmt":"2019-09-25T01:02:08","slug":"japan","status":"publish","type":"page","link":"https:\/\/adelaide-charriere.com\/de\/japan\/","title":{"rendered":"Japan"},"content":{"rendered":"\n<div class=\"wp-block-image\"><figure class=\"alignleft is-resized\"><img loading=\"lazy\" decoding=\"async\" src=\"https:\/\/adelaide-charriere.com\/wp-content\/uploads\/2019\/09\/2018-12-17-10.47.55-1024x768.jpg\" alt=\"\" class=\"wp-image-28947\" width=\"309\" height=\"232\" srcset=\"https:\/\/adelaide-charriere.com\/wp-content\/uploads\/2019\/09\/2018-12-17-10.47.55-1024x768.jpg 1024w, https:\/\/adelaide-charriere.com\/wp-content\/uploads\/2019\/09\/2018-12-17-10.47.55-300x225.jpg 300w, https:\/\/adelaide-charriere.com\/wp-content\/uploads\/2019\/09\/2018-12-17-10.47.55-768x576.jpg 768w, https:\/\/adelaide-charriere.com\/wp-content\/uploads\/2019\/09\/2018-12-17-10.47.55-510x382.jpg 510w, https:\/\/adelaide-charriere.com\/wp-content\/uploads\/2019\/09\/2018-12-17-10.47.55-1080x810.jpg 1080w\" sizes=\"auto, (max-width: 309px) 100vw, 309px\" \/><\/figure><\/div>\n\n<p>Japan und alles geheimnisvolles woran man denkt &#8230; Mangas, die zahlreiche Tempels (&#8222;shrine&#8220;), das k\u00f6stliche Essen Fisch- und Reis-basiert (bemerkenswert ist das Reis von Sakata, der schmackhafteste Reis, den ich probiert habe!), der immense Respekt und das ber\u00fchmte omotenashi &#8230;<\/p>\n\n<div class=\"wp-block-image\"><figure class=\"alignright is-resized\"><img loading=\"lazy\" decoding=\"async\" src=\"https:\/\/adelaide-charriere.com\/wp-content\/uploads\/2019\/09\/2018-12-21-23.13.22-2-1024x726.jpg\" alt=\"\" class=\"wp-image-28945\" width=\"218\" height=\"155\" srcset=\"https:\/\/adelaide-charriere.com\/wp-content\/uploads\/2019\/09\/2018-12-21-23.13.22-2-1024x726.jpg 1024w, https:\/\/adelaide-charriere.com\/wp-content\/uploads\/2019\/09\/2018-12-21-23.13.22-2-300x213.jpg 300w, https:\/\/adelaide-charriere.com\/wp-content\/uploads\/2019\/09\/2018-12-21-23.13.22-2-768x545.jpg 768w, https:\/\/adelaide-charriere.com\/wp-content\/uploads\/2019\/09\/2018-12-21-23.13.22-2-400x284.jpg 400w, https:\/\/adelaide-charriere.com\/wp-content\/uploads\/2019\/09\/2018-12-21-23.13.22-2-1080x766.jpg 1080w\" sizes=\"auto, (max-width: 218px) 100vw, 218px\" \/><\/figure><\/div>\n\n<p>2019 blieb ich zweieinhalb Monate im Land der aufgehenden Sonne, einen Monat in Tokio, um einen Kurs in japanischer Sprache zu absolvieren, gefolgt von kleinen Ausfl\u00fcgen innerhalb Japan.<br\/>Sich im Alter von 38 Jahren als Student wiederzufinden, von jungen Menschen in seinen Zwanzigern umgegeben zu sein&#8230; Personen, die schnell lernen und die sich an den Kursunterlagen schnell erinnern, die andere Sorgen haben, als einen Job zu finden und finanziell autonom zu sein&#8230; Es war eine gro\u00dfartige Erfahrung, abgeschlossen mit einer Rede auf Japanisch, um den Lehrern f\u00fcr ihre ausgezeichnete Unterrichten und Motivation zu danken!<\/p>\n\n<div class=\"wp-block-image\"><figure class=\"alignleft is-resized\"><img loading=\"lazy\" decoding=\"async\" src=\"https:\/\/adelaide-charriere.com\/wp-content\/uploads\/2019\/09\/2018-12-16-10.00.16-1024x768.jpg\" alt=\"\" class=\"wp-image-28943\" width=\"297\" height=\"223\" srcset=\"https:\/\/adelaide-charriere.com\/wp-content\/uploads\/2019\/09\/2018-12-16-10.00.16-1024x768.jpg 1024w, https:\/\/adelaide-charriere.com\/wp-content\/uploads\/2019\/09\/2018-12-16-10.00.16-300x225.jpg 300w, https:\/\/adelaide-charriere.com\/wp-content\/uploads\/2019\/09\/2018-12-16-10.00.16-768x576.jpg 768w, https:\/\/adelaide-charriere.com\/wp-content\/uploads\/2019\/09\/2018-12-16-10.00.16-510x382.jpg 510w, https:\/\/adelaide-charriere.com\/wp-content\/uploads\/2019\/09\/2018-12-16-10.00.16-1080x810.jpg 1080w\" sizes=\"auto, (max-width: 297px) 100vw, 297px\" \/><\/figure><\/div>\n\n<p>Atemberaubende Landschaften, gemei\u00dfelte Berge, die sich von der Spitze des Flugzeugs unterscheiden lassen, durch den Wind und die Kr\u00e4ften der Natur gestreichelt wurden&#8230;<\/p>\n\n<div class=\"wp-block-image\"><figure class=\"alignright is-resized\"><img loading=\"lazy\" decoding=\"async\" src=\"https:\/\/adelaide-charriere.com\/wp-content\/uploads\/2019\/09\/2018-12-22-17.03.51-1024x768.jpg\" alt=\"\" class=\"wp-image-28948\" width=\"300\" height=\"225\" srcset=\"https:\/\/adelaide-charriere.com\/wp-content\/uploads\/2019\/09\/2018-12-22-17.03.51-1024x768.jpg 1024w, https:\/\/adelaide-charriere.com\/wp-content\/uploads\/2019\/09\/2018-12-22-17.03.51-300x225.jpg 300w, https:\/\/adelaide-charriere.com\/wp-content\/uploads\/2019\/09\/2018-12-22-17.03.51-768x576.jpg 768w, https:\/\/adelaide-charriere.com\/wp-content\/uploads\/2019\/09\/2018-12-22-17.03.51-510x382.jpg 510w, https:\/\/adelaide-charriere.com\/wp-content\/uploads\/2019\/09\/2018-12-22-17.03.51-1080x810.jpg 1080w\" sizes=\"auto, (max-width: 300px) 100vw, 300px\" \/><\/figure><\/div>\n\n<p>Und das Meer ist in der gesamten japanischen Kultur stark pr\u00e4sent.<\/p>\n\n<p>Kleine und sehr praktische H\u00e4user. G\u00e4rten findet man in Japan sehr selten, da es an Platz Mangel liegt. Mir haben die k\u00f6stlichen Clementinen aus Asaka, am Stadtrand von Tokio, sehr geschmeckt. Der Nachbar hat sich um seinen sch\u00f6nen Garten sehr viel besorgt und gek\u00fcmmert.<\/p>\n","protected":false},"excerpt":{"rendered":"<p>Japan und alles geheimnisvolles woran man denkt &#8230; Mangas, die zahlreiche Tempels (&#8222;shrine&#8220;), das k\u00f6stliche Essen Fisch- und Reis-basiert (bemerkenswert ist das Reis von Sakata, der schmackhafteste Reis, den ich probiert habe!), der immense Respekt und das ber\u00fchmte omotenashi &#8230; 2019 blieb ich zweieinhalb Monate im Land der aufgehenden Sonne, einen Monat in Tokio, um [&hellip;]<\/p>\n","protected":false},"author":1,"featured_media":0,"parent":0,"menu_order":0,"comment_status":"closed","ping_status":"closed","template":"","meta":{"_et_pb_use_builder":"off","_et_pb_old_content":"","_et_gb_content_width":"","footnotes":""},"class_list":["post-29535","page","type-page","status-publish","hentry"],"_links":{"self":[{"href":"https:\/\/adelaide-charriere.com\/de\/wp-json\/wp\/v2\/pages\/29535","targetHints":{"allow":["GET"]}}],"collection":[{"href":"https:\/\/adelaide-charriere.com\/de\/wp-json\/wp\/v2\/pages"}],"about":[{"href":"https:\/\/adelaide-charriere.com\/de\/wp-json\/wp\/v2\/types\/page"}],"author":[{"embeddable":true,"href":"https:\/\/adelaide-charriere.com\/de\/wp-json\/wp\/v2\/users\/1"}],"replies":[{"embeddable":true,"href":"https:\/\/adelaide-charriere.com\/de\/wp-json\/wp\/v2\/comments?post=29535"}],"version-history":[{"count":1,"href":"https:\/\/adelaide-charriere.com\/de\/wp-json\/wp\/v2\/pages\/29535\/revisions"}],"predecessor-version":[{"id":29537,"href":"https:\/\/adelaide-charriere.com\/de\/wp-json\/wp\/v2\/pages\/29535\/revisions\/29537"}],"wp:attachment":[{"href":"https:\/\/adelaide-charriere.com\/de\/wp-json\/wp\/v2\/media?parent=29535"}],"curies":[{"name":"wp","href":"https:\/\/api.w.org\/{rel}","templated":true}]}}