{"id":29531,"date":"2019-09-25T02:45:21","date_gmt":"2019-09-25T00:45:21","guid":{"rendered":"https:\/\/adelaide-charriere.com\/frankreich\/"},"modified":"2019-09-25T02:45:22","modified_gmt":"2019-09-25T00:45:22","slug":"frankreich","status":"publish","type":"page","link":"https:\/\/adelaide-charriere.com\/de\/frankreich\/","title":{"rendered":"Frankreich"},"content":{"rendered":"\n<p>Oh s\u00fc\u00dfes Land meiner Kindheit &#8230;<br\/>Die franz\u00f6sische Lebensweise, die leckeren Croissants und pains au chocolat oder einfach das Baguette, das man nur in seiner Heimat findet!<\/p>\n\n<p>Aber nicht nur das Land der Philosophen der Lichten, der Meinungsfreiheit, der Revolution, die viele Ver\u00e4nderungen in Europa initierte. Ein immenser kultureller Reichtum, sei es im Bereich der Musik, Kunst oder mehrhundertj\u00e4hrigen Geb\u00e4uden; bemerkungswert auch einer gro\u00dfe kulturelle Einfluss im Ausland&#8230;<\/p>\n\n<p>Sport w\u00e4hrend diesen ber\u00fchmten Delachenal-Olympiaden, die uns alle 4 Jahre in Savoyen begeistern und freuen. Die uns motivieren, sich sportlich zu trainieren, in der Hoffnung, eine Medaille oder zwei zu gewinnen, oder einfach die Freude, gemeinsam mit der Familie zu sein.<\/p>\n\n<p>Teamspirit und Selbst\u00fcberwindung&#8230;<\/p>\n\n<figure class=\"wp-block-image\"><img decoding=\"async\" src=\"https:\/\/adelaide-charriere.com\/wp-content\/uploads\/2019\/09\/0808-olympiades-Delachenal.png\" alt=\"0808-Olympiad-Delachenal.png.\"\/><\/figure>\n<figure class=\"wp-block-image\"><img decoding=\"async\" src=\"https:\/\/adelaide-charriere.com\/wp-content\/uploads\/2019\/09\/image1-1024x683.jpg\" alt=\"Das alt-Attribut dieses Bildes ist leer, sein Dateiname ist image1-1024x683.jpg.\"\/><figcaption>Familie Delachenal am Fu\u00dfe des Arclusaz<\/figcaption><\/figure>","protected":false},"excerpt":{"rendered":"<p>Oh s\u00fc\u00dfes Land meiner Kindheit &#8230;Die franz\u00f6sische Lebensweise, die leckeren Croissants und pains au chocolat oder einfach das Baguette, das man nur in seiner Heimat findet! Aber nicht nur das Land der Philosophen der Lichten, der Meinungsfreiheit, der Revolution, die viele Ver\u00e4nderungen in Europa initierte. Ein immenser kultureller Reichtum, sei es im Bereich der Musik, [&hellip;]<\/p>\n","protected":false},"author":1,"featured_media":0,"parent":0,"menu_order":0,"comment_status":"closed","ping_status":"closed","template":"","meta":{"_et_pb_use_builder":"on","_et_pb_old_content":"","_et_gb_content_width":"","footnotes":""},"class_list":["post-29531","page","type-page","status-publish","hentry"],"_links":{"self":[{"href":"https:\/\/adelaide-charriere.com\/de\/wp-json\/wp\/v2\/pages\/29531","targetHints":{"allow":["GET"]}}],"collection":[{"href":"https:\/\/adelaide-charriere.com\/de\/wp-json\/wp\/v2\/pages"}],"about":[{"href":"https:\/\/adelaide-charriere.com\/de\/wp-json\/wp\/v2\/types\/page"}],"author":[{"embeddable":true,"href":"https:\/\/adelaide-charriere.com\/de\/wp-json\/wp\/v2\/users\/1"}],"replies":[{"embeddable":true,"href":"https:\/\/adelaide-charriere.com\/de\/wp-json\/wp\/v2\/comments?post=29531"}],"version-history":[{"count":1,"href":"https:\/\/adelaide-charriere.com\/de\/wp-json\/wp\/v2\/pages\/29531\/revisions"}],"predecessor-version":[{"id":29532,"href":"https:\/\/adelaide-charriere.com\/de\/wp-json\/wp\/v2\/pages\/29531\/revisions\/29532"}],"wp:attachment":[{"href":"https:\/\/adelaide-charriere.com\/de\/wp-json\/wp\/v2\/media?parent=29531"}],"curies":[{"name":"wp","href":"https:\/\/api.w.org\/{rel}","templated":true}]}}