{"id":29528,"date":"2019-09-25T02:36:47","date_gmt":"2019-09-25T00:36:47","guid":{"rendered":"https:\/\/adelaide-charriere.com\/spiel-sdgs-2030-game\/"},"modified":"2020-10-18T20:52:40","modified_gmt":"2020-10-18T18:52:40","slug":"spiel-sdgs-2030-game","status":"publish","type":"page","link":"https:\/\/adelaide-charriere.com\/de\/spiel-sdgs-2030-game\/","title":{"rendered":"Spiel &#8222;SDGs 2030 Game&#8220;"},"content":{"rendered":"<p>[et_pb_section fb_built=&#8220;1&#8243; _builder_version=&#8220;3.22.3&#8243;][et_pb_row custom_padding=&#8220;29px|53px||||&#8220; _builder_version=&#8220;3.25.4&#8243; background_size=&#8220;initial&#8220; background_position=&#8220;top_left&#8220; background_repeat=&#8220;repeat&#8220; min_height=&#8220;87px&#8220;][et_pb_column type=&#8220;4_4&#8243; _builder_version=&#8220;3.25&#8243; custom_padding=&#8220;|||&#8220; custom_padding__hover=&#8220;|||&#8220;][et_pb_image src=&#8220;https:\/\/adelaide-charriere.com\/wp-content\/uploads\/2019\/12\/2030sdgs_logo-small.jpg&#8220; _builder_version=&#8220;3.25.4&#8243; width=&#8220;26.7%&#8220; min_height=&#8220;136px&#8220; custom_margin=&#8220;|729px||||&#8220; custom_padding=&#8220;|126px|0px|||&#8220;][\/et_pb_image][\/et_pb_column][\/et_pb_row][et_pb_row column_structure=&#8220;3_5,2_5&#8243; custom_padding=&#8220;27px||6px|||&#8220; custom_margin=&#8220;|auto|-31px|auto||&#8220; _builder_version=&#8220;3.25.4&#8243; background_size=&#8220;initial&#8220; background_position=&#8220;top_left&#8220; background_repeat=&#8220;repeat&#8220;][et_pb_column type=&#8220;3_5&#8243; _builder_version=&#8220;3.25&#8243; custom_padding=&#8220;|||&#8220; custom_padding__hover=&#8220;|||&#8220;][et_pb_text _builder_version=&#8220;3.25.4&#8243; width=&#8220;80.3%&#8220; custom_margin=&#8220;|-71px||||&#8220; custom_padding=&#8220;||29px|||&#8220;]<\/p>\n<div class=\"original-sentence-container\" data-mrk-id=\"mrk_149222052\"><\/div>\n<p>Das \u201c2030 SDGs Game\u201d (Sustainable Development Goals Spiel) ist eine Erfahrung, die dazu beitr\u00e4gt zu verstehen, warum die Entwicklungsziele wichtig sind und welche unsere m\u00f6glichen Auswirkungen sind, um eine Welt aufzubauen, die unsere Werte entspricht.<\/p>\n<p><span style=\"font-size: 14px;\"><span>Das Spiel wurde 2016 in Japan entwickelt und 2019 in der Schweiz und Frankreich, mit rund 600 zertifizierten Moderatoren in Japan und 50 weltweit, eingef\u00fchrt.<\/span><br \/><span>Seit mehr als 4 Jahren ist es ein gro\u00dfer Erfolg in Japan. Dieses Spiel hat sich zu einem m\u00e4chtigen sozialen Ph\u00e4nomen entwickelt und verf\u00fcgt \u00fcber eine breite Medienberichterstattung. Mehr als 150.000 Teilnehmer wurden schon erreicht. Die Spielsitzungen finden in Unternehmen, Regierungen, Schulen und verschiedenen Gemeinschaften statt. <\/span> <\/span><span style=\"font-size: 14px;\"> <\/span><\/p>\n<div class=\"original-sentence-container\" data-mrk-id=\"mrk_149222052\"><\/div>\n<p>[\/et_pb_text][\/et_pb_column][et_pb_column type=&#8220;2_5&#8243; _builder_version=&#8220;3.25.4&#8243;][et_pb_text _builder_version=&#8220;3.0.74&#8243; background_size=&#8220;initial&#8220; background_position=&#8220;top_left&#8220; background_repeat=&#8220;repeat&#8220; width=&#8220;84.7%&#8220; min_height=&#8220;259px&#8220; custom_padding=&#8220;0px||2px|||&#8220;]<!-- divi:paragraph --><\/p>\n<p><!-- \/divi:paragraph --> <!-- divi:gallery {\"ids\":[28923]} --><\/p>\n<ul class=\"wp-block-gallery columns-1 is-cropped\">\n<li class=\"blocks-gallery-item\">\n<figure><img loading=\"lazy\" decoding=\"async\" width=\"425\" height=\"319\" class=\"wp-image-28923\" src=\"https:\/\/adelaide-charriere.com\/wp-content\/uploads\/2019\/07\/2019-02-24-SDG-game-team-Kanazawa-small.jpg\" alt=\"\" data-id=\"28923\" data-link=\"https:\/\/adelaide-charriere.com\/2030-sdgs-game\/2019-02-24-sdg-game-team-kanazawa-small\/\" srcset=\"https:\/\/adelaide-charriere.com\/wp-content\/uploads\/2019\/07\/2019-02-24-SDG-game-team-Kanazawa-small.jpg 425w, https:\/\/adelaide-charriere.com\/wp-content\/uploads\/2019\/07\/2019-02-24-SDG-game-team-Kanazawa-small-300x225.jpg 300w\" sizes=\"auto, (max-width: 425px) 100vw, 425px\" \/><figcaption>Spiel Sitzung w\u00e4hrend der Kanazawa Konferenz (Japan) \u00fcber die SDGs<\/figcaption><\/figure>\n<\/li>\n<\/ul>\n<p><!-- \/divi:gallery -->[\/et_pb_text][\/et_pb_column][\/et_pb_row][et_pb_row min_height=&#8220;63px&#8220; _builder_version=&#8220;3.25.4&#8243;][et_pb_column type=&#8220;4_4&#8243; _builder_version=&#8220;3.25.4&#8243;][et_pb_text _builder_version=&#8220;3.25.4&#8243;]<\/p>\n<h2>Ziele und Spielverlauf<\/h2>\n<p>[\/et_pb_text][\/et_pb_column][\/et_pb_row][et_pb_row column_structure=&#8220;3_5,2_5&#8243; _builder_version=&#8220;3.25.4&#8243; custom_margin=&#8220;-25px|auto||auto||&#8220; min_height=&#8220;461px&#8220;][et_pb_column type=&#8220;3_5&#8243; _builder_version=&#8220;3.25.4&#8243;][et_pb_image src=&#8220;https:\/\/adelaide-charriere.com\/wp-content\/uploads\/2019\/12\/Schema-SDGs-game.jpeg&#8220; _builder_version=&#8220;3.25.4&#8243; width=&#8220;99.9%&#8220; custom_padding=&#8220;|0px||||&#8220;][\/et_pb_image][\/et_pb_column][et_pb_column type=&#8220;2_5&#8243; _builder_version=&#8220;3.25.4&#8243;][et_pb_text _builder_version=&#8220;3.25.4&#8243;]<\/p>\n<p><u>Ziele:<br \/><\/u> Dieses Spiel erm\u00f6glicht es auf spielerischer Weise zu verstehen, weshalb wir nachhaltige Entwicklungsziele brauchen. Dieses Multi-Spieler-Karten-basierte Spiel bietet den Teilnehmern ein echtes Erlebnis an und simuliert die Welt, wie sie in 2030 aussehen k\u00f6nnte.<\/p>\n<p><u><br \/>Spiel Beschreibung:<br \/><\/u>Die Teilnehmer erhalten Zeit und Geld, um Projekte durchzuf\u00fchren und an die Erf\u00fcllung ihrer Ziele zu arbeiten. Das Barometer der Welt (Wirtschaft, Umwelt, Gesellschaft) wird sich entsprechend anpassen.<\/p>\n<p>Welches Ergebnis impliziert Ihre Spielweise? Werden Sie eine bl\u00fchende, gerechte und nachhaltige Welt schaffen?<br \/>Oder wird die Welt im Jahr 2030 noch unausgewogener als heute sein? <\/p>\n<p> Danke an <a href=\"https:\/\/www.linkedin.com\/in\/antoine-louisgrand-1a5681178\/\">Antoine Louisgrand<\/a> f\u00fcr seine grafische Facilitierung<\/p>\n<p>[\/et_pb_text][\/et_pb_column][\/et_pb_row][et_pb_row column_structure=&#8220;1_2,1_4,1_4&#8243; _builder_version=&#8220;3.25.4&#8243;][et_pb_column type=&#8220;1_2&#8243; _builder_version=&#8220;3.25.4&#8243;][et_pb_image src=&#8220;https:\/\/adelaide-charriere.com\/wp-content\/uploads\/2019\/12\/2019-11-08-10.15.54-exchanges.jpg&#8220; _builder_version=&#8220;3.25.4&#8243; custom_padding=&#8220;|0px||||&#8220;][\/et_pb_image][\/et_pb_column][et_pb_column type=&#8220;1_4&#8243; _builder_version=&#8220;3.25.4&#8243;][et_pb_text _builder_version=&#8220;3.25.4&#8243; width=&#8220;99.9%&#8220;]<\/p>\n<p><span><u>Voraussetzung und Ablauf <br \/> <\/u>Das Spiel wurde so entworfen, dass 5 bis 50 Spieler teilnehmen k\u00f6nnen. Es ist auch m\u00f6glich, dass etwa 100 Spielen gleichzeitig spielen, wenn mehrere \u00ab Parallelwelten \u00bb nebeneinander aufgebaut werden und gleichzeitig mitwirken.<\/span><\/p>\n<p>&nbsp;<\/p>\n<p>Die Spielzeit dauert ca. 1 Stunde.<br \/>Die empfohlene Dauer f\u00fcr das Gesamtspiel ist 3 Stunden; mit der Darstellung der SDGs, der Erl\u00e4uterung der Regeln, einer aktiven Spielphase und den wichtigen Gruppen\u00fcberlegungen nach diesem spielerischen Moment.<\/p>\n<p>[\/et_pb_text][\/et_pb_column][et_pb_column type=&#8220;1_4&#8243; _builder_version=&#8220;3.25.4&#8243;][et_pb_image src=&#8220;https:\/\/adelaide-charriere.com\/wp-content\/uploads\/2019\/12\/2019-09-28-WCM-AlexandrePascal.jpg&#8220; _builder_version=&#8220;3.25.4&#8243; custom_padding=&#8220;|25px||||&#8220;][\/et_pb_image][\/et_pb_column][\/et_pb_row][et_pb_row column_structure=&#8220;1_2,1_2&#8243; _builder_version=&#8220;3.25.4&#8243;][et_pb_column type=&#8220;1_2&#8243; _builder_version=&#8220;3.25.4&#8243;][et_pb_image src=&#8220;https:\/\/adelaide-charriere.com\/wp-content\/uploads\/2019\/12\/2019-11-08-10.24.01.jpg&#8220; _builder_version=&#8220;3.25.4&#8243;][\/et_pb_image][\/et_pb_column][et_pb_column type=&#8220;1_2&#8243; _builder_version=&#8220;3.25.4&#8243;][et_pb_text _builder_version=&#8220;3.25.4&#8243; width=&#8220;100%&#8220;]<u>Wer kann mitspielen?<\/u><br \/>\nDieses Spiel kann jeder mitspielen, auch ohne vorherige Kenntnisse der ODD. Es wurde unter anderem von gro\u00dfen globalen Unternehmen, Regierungsbeamten, Studenten oder Aktivisten gespielt. Je mehr Teilnehmer aus verschiedenster Herkunft am Spiel teilnehmen, desto besser wird die Gesellschaft dargestellt.<br \/>\n<span style=\"font-size: 14px;\"> <\/span><\/p>\n<p>Weitere Informationen \u00fcber das <a href=\"http:\/\/www.2030sdgsgame.com\">Spiel<\/a> in Japan.<span style=\"font-size: 14px;\"> <\/span><span style=\"font-size: 14px;\"> <\/span>[\/et_pb_text][et_pb_text _builder_version=&#8220;3.25.4&#8243; custom_margin=&#8220;||14px|||&#8220;]<\/p>\n<h2>Zeugnisse den Teilnehmern<\/h2>\n<p>[\/et_pb_text][et_pb_button button_url=&#8220;https:\/\/adelaide-charriere.com\/temoignages-sdgs-game\/&#8220; button_text=&#8220;Zeugnisse&#8220; _builder_version=&#8220;3.25.4&#8243;][\/et_pb_button][\/et_pb_column][\/et_pb_row][et_pb_row column_structure=&#8220;3_5,2_5&#8243; _builder_version=&#8220;3.25.4&#8243;][et_pb_column type=&#8220;3_5&#8243; _builder_version=&#8220;3.25.4&#8243;][et_pb_text _builder_version=&#8220;3.25.4&#8243;]<\/p>\n<h2 class=\"heading\">Wie bringe ich das Spiel in meiner Gemeinschaft<\/h2>\n<div class=\"text-block\">\n<p>Wir sind immer auf der Suche nach Orten und interessierten F\u00fchrungskr\u00e4ften, die uns willkommen hei\u00dfen. Dieses Spiel ist eine gro\u00dfartige Ressource und ein Katalysator f\u00fcr Menschen, die ihre Gemeinschaft oder Organisation inspirieren, motivieren und bef\u00e4higen wollen, sich an die Vision einer nachhaltigen Welt zu halten.<\/p>\n<p>Wenn Sie das Spiel organisieren m\u00f6chten, kontaktieren Sie mich bitte \u00fcber das untenstehende Formular.<\/p>\n<\/div>\n<p>[\/et_pb_text][et_pb_button button_url=&#8220;https:\/\/adelaide-charriere.com\/contact\/&#8220; button_text=&#8220;Kontakt&#8220; _builder_version=&#8220;3.25.4&#8243;][\/et_pb_button][\/et_pb_column][et_pb_column type=&#8220;2_5&#8243; _builder_version=&#8220;3.25.4&#8243;][et_pb_image src=&#8220;https:\/\/adelaide-charriere.com\/wp-content\/uploads\/2019\/12\/20181101_Imacocolabo_English-29.jpg&#8220; _builder_version=&#8220;3.25.4&#8243; min_height=&#8220;192px&#8220;][\/et_pb_image][\/et_pb_column][\/et_pb_row][\/et_pb_section]<\/p>\n","protected":false},"excerpt":{"rendered":"<p>Das \u201c2030 SDGs Game\u201d (Sustainable Development Goals Spiel) ist eine Erfahrung, die dazu beitr\u00e4gt zu verstehen, warum die Entwicklungsziele wichtig sind und welche unsere m\u00f6glichen Auswirkungen sind, um eine Welt aufzubauen, die unsere Werte entspricht. Das Spiel wurde 2016 in Japan entwickelt und 2019 in der Schweiz und Frankreich, mit rund 600 zertifizierten Moderatoren in [&hellip;]<\/p>\n","protected":false},"author":1,"featured_media":0,"parent":0,"menu_order":0,"comment_status":"closed","ping_status":"closed","template":"","meta":{"_et_pb_use_builder":"on","_et_pb_old_content":"","_et_gb_content_width":"","footnotes":""},"class_list":["post-29528","page","type-page","status-publish","hentry"],"_links":{"self":[{"href":"https:\/\/adelaide-charriere.com\/de\/wp-json\/wp\/v2\/pages\/29528","targetHints":{"allow":["GET"]}}],"collection":[{"href":"https:\/\/adelaide-charriere.com\/de\/wp-json\/wp\/v2\/pages"}],"about":[{"href":"https:\/\/adelaide-charriere.com\/de\/wp-json\/wp\/v2\/types\/page"}],"author":[{"embeddable":true,"href":"https:\/\/adelaide-charriere.com\/de\/wp-json\/wp\/v2\/users\/1"}],"replies":[{"embeddable":true,"href":"https:\/\/adelaide-charriere.com\/de\/wp-json\/wp\/v2\/comments?post=29528"}],"version-history":[{"count":11,"href":"https:\/\/adelaide-charriere.com\/de\/wp-json\/wp\/v2\/pages\/29528\/revisions"}],"predecessor-version":[{"id":30186,"href":"https:\/\/adelaide-charriere.com\/de\/wp-json\/wp\/v2\/pages\/29528\/revisions\/30186"}],"wp:attachment":[{"href":"https:\/\/adelaide-charriere.com\/de\/wp-json\/wp\/v2\/media?parent=29528"}],"curies":[{"name":"wp","href":"https:\/\/api.w.org\/{rel}","templated":true}]}}