{"id":29618,"date":"2019-09-25T10:55:34","date_gmt":"2019-09-25T08:55:34","guid":{"rendered":"https:\/\/adelaide-charriere.com\/frankrig\/"},"modified":"2019-09-25T10:55:35","modified_gmt":"2019-09-25T08:55:35","slug":"frankrig","status":"publish","type":"page","link":"https:\/\/adelaide-charriere.com\/da\/frankrig\/","title":{"rendered":"Frankrig"},"content":{"rendered":"\n<p>&#8220;Oh doux pays de mon enfance&#8230;&#8221;<br\/>Den franske m\u00e5de at leve p\u00e5, de l\u00e6kre croissanter og &#8220;pains au chocolat&#8221; eller bare baguette, der kun kan findes i dit hjemland!<\/p>\n\n<p>Men ogs\u00e5 det land af filosoffer af oplysningstiden, ytringsfrihed, af revolutionen, der indledte mange \u00e6ndringer i Europa. En enorm kulturel rigdom, uanset om det er for musik, kunst eller flere-hundrede-\u00e5r bygninger; og ogs\u00e5 en stor kulturel indflydelse i udlandet&#8230;<\/p>\n\n<p>Sporten p\u00e5 dette ber\u00f8mte Delachenal olympiader, der gl\u00e6de os hvert 4 \u00e5r i Savoy, motivere os til at tr\u00e6ne atletisk, i h\u00e5b om at vinde en medalje eller to, eller blot gl\u00e6den ved at v\u00e6re sammen med familie.<\/p>\n\n<p>Hold\u00e5nd og overg\u00e5 sig selv&#8230;<\/p>\n\n<figure class=\"wp-block-image\"><img decoding=\"async\" src=\"https:\/\/adelaide-charriere.com\/wp-content\/uploads\/2019\/09\/0808-olympiades-Delachenal.png\" alt=\"L&#x2019;attribut alt de cette image est vide, son nom de fichier est 0808-olympiades-Delachenal.png.\"\/><\/figure>\n<figure class=\"wp-block-image\"><img decoding=\"async\" src=\"https:\/\/adelaide-charriere.com\/wp-content\/uploads\/2019\/09\/image1-1024x683.jpg\" alt=\"L&#x2019;attribut alt de cette image est vide, son nom de fichier est image1-1024x683.jpg.\"\/><figcaption>Delachenal familie ved foden af Arclusaz<\/figcaption><\/figure>","protected":false},"excerpt":{"rendered":"<p>&#8220;Oh doux pays de mon enfance&#8230;&#8221;Den franske m\u00e5de at leve p\u00e5, de l\u00e6kre croissanter og &#8220;pains au chocolat&#8221; eller bare baguette, der kun kan findes i dit hjemland! Men ogs\u00e5 det land af filosoffer af oplysningstiden, ytringsfrihed, af revolutionen, der indledte mange \u00e6ndringer i Europa. En enorm kulturel rigdom, uanset om det er for musik, [&hellip;]<\/p>\n","protected":false},"author":1,"featured_media":0,"parent":0,"menu_order":0,"comment_status":"closed","ping_status":"closed","template":"","meta":{"_et_pb_use_builder":"on","_et_pb_old_content":"","_et_gb_content_width":"","footnotes":""},"class_list":["post-29618","page","type-page","status-publish","hentry"],"_links":{"self":[{"href":"https:\/\/adelaide-charriere.com\/da\/wp-json\/wp\/v2\/pages\/29618","targetHints":{"allow":["GET"]}}],"collection":[{"href":"https:\/\/adelaide-charriere.com\/da\/wp-json\/wp\/v2\/pages"}],"about":[{"href":"https:\/\/adelaide-charriere.com\/da\/wp-json\/wp\/v2\/types\/page"}],"author":[{"embeddable":true,"href":"https:\/\/adelaide-charriere.com\/da\/wp-json\/wp\/v2\/users\/1"}],"replies":[{"embeddable":true,"href":"https:\/\/adelaide-charriere.com\/da\/wp-json\/wp\/v2\/comments?post=29618"}],"version-history":[{"count":1,"href":"https:\/\/adelaide-charriere.com\/da\/wp-json\/wp\/v2\/pages\/29618\/revisions"}],"predecessor-version":[{"id":29620,"href":"https:\/\/adelaide-charriere.com\/da\/wp-json\/wp\/v2\/pages\/29618\/revisions\/29620"}],"wp:attachment":[{"href":"https:\/\/adelaide-charriere.com\/da\/wp-json\/wp\/v2\/media?parent=29618"}],"curies":[{"name":"wp","href":"https:\/\/api.w.org\/{rel}","templated":true}]}}