{"id":29615,"date":"2019-09-25T10:51:49","date_gmt":"2019-09-25T08:51:49","guid":{"rendered":"https:\/\/adelaide-charriere.com\/portfolio-2\/"},"modified":"2019-12-10T10:20:02","modified_gmt":"2019-12-10T09:20:02","slug":"portfolio-2","status":"publish","type":"page","link":"https:\/\/adelaide-charriere.com\/da\/portfolio-2\/","title":{"rendered":"PORTFOLIO"},"content":{"rendered":"<p>[et_pb_section fb_built=&#8221;1&#8243; fullwidth=&#8221;on&#8221; admin_label=&#8221;Section&#8221; _builder_version=&#8221;3.22.3&#8243; custom_padding=&#8221;0px|0px|0px|0px&#8221; transparent_background=&#8221;off&#8221; make_fullwidth=&#8221;off&#8221; use_custom_width=&#8221;off&#8221; width_unit=&#8221;off&#8221; custom_width_px=&#8221;1080px&#8221; custom_width_percent=&#8221;80%&#8221;][et_pb_fullwidth_slider admin_label=&#8221;Curseur de d\u00e9filement plein \u00e9cran&#8221; _builder_version=&#8221;3.25.4&#8243; background_size=&#8221;default&#8221; background_position=&#8221;default&#8221; custom_padding=&#8221;|||&#8221; custom_padding_tablet=&#8221;|||&#8221; custom_padding_phone=&#8221;|||&#8221; remove_inner_shadow=&#8221;on&#8221; hide_content_on_mobile=&#8221;off&#8221; hide_cta_on_mobile=&#8221;off&#8221; show_inner_shadow=&#8221;off&#8221; button_letter_spacing_hover=&#8221;0&#8243; button_text_size__hover_enabled=&#8221;off&#8221; button_one_text_size__hover_enabled=&#8221;off&#8221; button_two_text_size__hover_enabled=&#8221;off&#8221; button_text_color__hover_enabled=&#8221;off&#8221; button_one_text_color__hover_enabled=&#8221;off&#8221; button_two_text_color__hover_enabled=&#8221;off&#8221; button_border_width__hover_enabled=&#8221;off&#8221; button_one_border_width__hover_enabled=&#8221;off&#8221; button_two_border_width__hover_enabled=&#8221;off&#8221; button_border_color__hover_enabled=&#8221;off&#8221; button_one_border_color__hover_enabled=&#8221;off&#8221; button_two_border_color__hover_enabled=&#8221;off&#8221; button_border_radius__hover_enabled=&#8221;off&#8221; button_one_border_radius__hover_enabled=&#8221;off&#8221; button_two_border_radius__hover_enabled=&#8221;off&#8221; button_letter_spacing__hover_enabled=&#8221;on&#8221; button_letter_spacing__hover=&#8221;0&#8243; button_one_letter_spacing__hover_enabled=&#8221;off&#8221; button_two_letter_spacing__hover_enabled=&#8221;off&#8221; button_bg_color__hover_enabled=&#8221;off&#8221; button_one_bg_color__hover_enabled=&#8221;off&#8221; button_two_bg_color__hover_enabled=&#8221;off&#8221;][\/et_pb_fullwidth_slider][\/et_pb_section][et_pb_section fb_built=&#8221;1&#8243; background_position=&#8221;center_left&#8221; _builder_version=&#8221;3.25.4&#8243; background_image=&#8221;https:\/\/adelaide-charriere.com\/wp-content\/uploads\/2019\/12\/2019-02-22-01.20.28-aile-avion-small.jpg&#8221; custom_padding=&#8221;0px|||||&#8221;][et_pb_row min_height=&#8221;407px&#8221; _builder_version=&#8221;3.25.4&#8243; custom_padding=&#8221;23px|||||&#8221;][et_pb_column type=&#8221;4_4&#8243; _builder_version=&#8221;3.25.4&#8243;][et_pb_text _builder_version=&#8221;3.25.4&#8243;]<\/p>\n<h1>PORTFOLIO<\/h1>\n<p><span style=\"color: #000000;\">Multi potentiel kvinde, jeg er til r\u00e5dighed for din virksomhed, gruppe eller person for f\u00f8lgende emner (b\u00e5de inden for bankv\u00e6sen, uddannelse eller facilitering af workshops):<\/span><\/p>\n<ul>\n<li><a href=\"https:\/\/www.linkedin.com\/in\/ad%C3%A9la%C3%AFde-charri%C3%A8re-5a17a58\/\" target=\"_blank\" rel=\"noopener noreferrer\" title=\"LinkedIn-profil\">IT-konsulent<\/a> <span style=\"color: #000000;\">(bank eller andet):<\/span><br \/> <span style=\"color: #000000;\"> Business Analyst<\/span><br \/>  <span style=\"color: #000000;\">Test<br \/> Manager<\/span> <span style=\"color: #000000;\">projektleder<\/span><\/li>\n<\/ul>\n<ul>\n<li><span style=\"color: #000000;\">Software<\/span> tr\u00e6ner <a href=\"https:\/\/www.linkedin.com\/in\/ad%C3%A9la%C3%AFde-charri%C3%A8re-5a17a58\/\" target=\"_blank\" rel=\"noopener noreferrer\" title=\"LinkedIn-profil\"><br \/><\/a><br \/> <span style=\"color: #000000;\"> Word: layout og brug af typografier<\/span><br \/> <span style=\"color: #000000;\"> Excel: pivottabel, makroer<\/span><span style=\"color: #000000;\"><\/span><\/li>\n<\/ul>\n<p><span style=\"color: #000000;\"><\/span><\/p>\n<ul>\n<li><a href=\"https:\/\/adelaide-charriere.com\/da\/2030-sdgs-spil\/\" title=\"2030 SDGs-spil side\">Facilitator<\/a> <span style=\"color: #000000;\">af spillet &#8220;2030 SDGs spil&#8221;<\/span><br \/> <span style=\"color: #000000;\"> Et spil udviklet i Japan, der simulerer, hvad verden vil se ud i 2030.<\/span><\/li>\n<\/ul>\n<p><span style=\"color: #000000;\"><\/span><\/p>\n<ul>\n<li><span style=\"color: #000000;\">Andre aktiviteter<\/span> <a href=\"https:\/\/adelaide-charriere.com\/da\/i-udvikling\/\">inden for udvikling<\/a><\/li>\n<\/ul>\n<p>[\/et_pb_text][\/et_pb_column][\/et_pb_row][\/et_pb_section]<\/p>\n","protected":false},"excerpt":{"rendered":"<p>PORTFOLIO Multi potentiel kvinde, jeg er til r\u00e5dighed for din virksomhed, gruppe eller person for f\u00f8lgende emner (b\u00e5de inden for bankv\u00e6sen, uddannelse eller facilitering af workshops): IT-konsulent (bank eller andet): Business Analyst Test Manager projektleder Software tr\u00e6ner Word: layout og brug af typografier Excel: pivottabel, makroer Facilitator af spillet &#8220;2030 SDGs spil&#8221; Et spil udviklet [&hellip;]<\/p>\n","protected":false},"author":0,"featured_media":0,"parent":0,"menu_order":0,"comment_status":"closed","ping_status":"closed","template":"","meta":{"_et_pb_use_builder":"on","_et_pb_old_content":"","_et_gb_content_width":"","footnotes":""},"class_list":["post-29615","page","type-page","status-publish","hentry"],"_links":{"self":[{"href":"https:\/\/adelaide-charriere.com\/da\/wp-json\/wp\/v2\/pages\/29615","targetHints":{"allow":["GET"]}}],"collection":[{"href":"https:\/\/adelaide-charriere.com\/da\/wp-json\/wp\/v2\/pages"}],"about":[{"href":"https:\/\/adelaide-charriere.com\/da\/wp-json\/wp\/v2\/types\/page"}],"replies":[{"embeddable":true,"href":"https:\/\/adelaide-charriere.com\/da\/wp-json\/wp\/v2\/comments?post=29615"}],"version-history":[{"count":2,"href":"https:\/\/adelaide-charriere.com\/da\/wp-json\/wp\/v2\/pages\/29615\/revisions"}],"predecessor-version":[{"id":30106,"href":"https:\/\/adelaide-charriere.com\/da\/wp-json\/wp\/v2\/pages\/29615\/revisions\/30106"}],"wp:attachment":[{"href":"https:\/\/adelaide-charriere.com\/da\/wp-json\/wp\/v2\/media?parent=29615"}],"curies":[{"name":"wp","href":"https:\/\/api.w.org\/{rel}","templated":true}]}}