{"id":29610,"date":"2019-09-25T10:49:24","date_gmt":"2019-09-25T08:49:24","guid":{"rendered":"https:\/\/adelaide-charriere.com\/danmark\/"},"modified":"2019-09-25T10:49:26","modified_gmt":"2019-09-25T08:49:26","slug":"danmark","status":"publish","type":"page","link":"https:\/\/adelaide-charriere.com\/da\/danmark\/","title":{"rendered":"Danmark"},"content":{"rendered":"\n<p>Siden min f\u00f8rste rejse til K\u00f8benhavn i 2000, er jeg blevet forelsket i dette land, den simple frie mentalitet af det danske folk. Flexicurity, fleksibilitet og sikkerhed, der kendetegner dem s\u00e5 godt. Et lille selvst\u00e6ndigt folk stolt af sine valg og fuld af humor.<\/p>\n\n<p>Som innovat\u00f8r er Danmark ofte p\u00e5 forkant med sine sociale valg og ogs\u00e5 Skandinavien i almindelighed. En stor inspirationskilde&#8230;<\/p>\n","protected":false},"excerpt":{"rendered":"<p>Siden min f\u00f8rste rejse til K\u00f8benhavn i 2000, er jeg blevet forelsket i dette land, den simple frie mentalitet af det danske folk. Flexicurity, fleksibilitet og sikkerhed, der kendetegner dem s\u00e5 godt. Et lille selvst\u00e6ndigt folk stolt af sine valg og fuld af humor. Som innovat\u00f8r er Danmark ofte p\u00e5 forkant med sine sociale valg [&hellip;]<\/p>\n","protected":false},"author":1,"featured_media":0,"parent":0,"menu_order":0,"comment_status":"closed","ping_status":"closed","template":"","meta":{"_et_pb_use_builder":"off","_et_pb_old_content":"","_et_gb_content_width":"","footnotes":""},"class_list":["post-29610","page","type-page","status-publish","hentry"],"_links":{"self":[{"href":"https:\/\/adelaide-charriere.com\/da\/wp-json\/wp\/v2\/pages\/29610","targetHints":{"allow":["GET"]}}],"collection":[{"href":"https:\/\/adelaide-charriere.com\/da\/wp-json\/wp\/v2\/pages"}],"about":[{"href":"https:\/\/adelaide-charriere.com\/da\/wp-json\/wp\/v2\/types\/page"}],"author":[{"embeddable":true,"href":"https:\/\/adelaide-charriere.com\/da\/wp-json\/wp\/v2\/users\/1"}],"replies":[{"embeddable":true,"href":"https:\/\/adelaide-charriere.com\/da\/wp-json\/wp\/v2\/comments?post=29610"}],"version-history":[{"count":1,"href":"https:\/\/adelaide-charriere.com\/da\/wp-json\/wp\/v2\/pages\/29610\/revisions"}],"predecessor-version":[{"id":29611,"href":"https:\/\/adelaide-charriere.com\/da\/wp-json\/wp\/v2\/pages\/29610\/revisions\/29611"}],"wp:attachment":[{"href":"https:\/\/adelaide-charriere.com\/da\/wp-json\/wp\/v2\/media?parent=29610"}],"curies":[{"name":"wp","href":"https:\/\/api.w.org\/{rel}","templated":true}]}}