{"id":29604,"date":"2019-09-25T10:46:21","date_gmt":"2019-09-25T08:46:21","guid":{"rendered":"https:\/\/adelaide-charriere.com\/i-udvikling\/"},"modified":"2020-10-14T21:54:18","modified_gmt":"2020-10-14T19:54:18","slug":"i-udvikling","status":"publish","type":"page","link":"https:\/\/adelaide-charriere.com\/da\/i-udvikling\/","title":{"rendered":"I udvikling&#8230;"},"content":{"rendered":"[et_pb_section admin_label=&#8221;section&#8221;]\n\t\t[et_pb_row admin_label=&#8221;row&#8221;]\n\t\t\t[et_pb_column type=&#8221;4_4&#8243;][et_pb_text admin_label=&#8221;Text&#8221;]\n<p>Interkulturel workshop<br\/>IT-uddannelse<br\/>Hj\u00e6lp til transnationale skatteangivelser<br\/>&#8230; <\/p>\n\n<p><em>T\u00f8v ikke med at bede om en skr\u00e6ddersyet fordel tilpasset dine behov.<\/em><\/p>\n[\/et_pb_text][\/et_pb_column]\n\t\t[\/et_pb_row]\n\t[\/et_pb_section]","protected":false},"excerpt":{"rendered":"<p>[et_pb_section admin_label=&#8221;section&#8221;] [et_pb_row admin_label=&#8221;row&#8221;] [et_pb_column type=&#8221;4_4&#8243;][et_pb_text admin_label=&#8221;Text&#8221;] Interkulturel workshopIT-uddannelseHj\u00e6lp til transnationale skatteangivelser&#8230; T\u00f8v ikke med at bede om en skr\u00e6ddersyet fordel tilpasset dine behov. [\/et_pb_text][\/et_pb_column] [\/et_pb_row] [\/et_pb_section]<\/p>\n","protected":false},"author":1,"featured_media":0,"parent":0,"menu_order":0,"comment_status":"closed","ping_status":"closed","template":"","meta":{"_et_pb_use_builder":"","_et_pb_old_content":"<!-- wp:paragraph -->\n<p>Interkulturel workshop<br\/>IT-uddannelse<br\/>Hj\u00e6lp til transnationale skatteangivelser<br\/>... <\/p>\n<!-- \/wp:paragraph --><!-- wp:paragraph -->\n<p><em>T\u00f8v ikke med at bede om en skr\u00e6ddersyet fordel tilpasset dine behov.<\/em><\/p>\n<!-- \/wp:paragraph -->","_et_gb_content_width":"","footnotes":""},"class_list":["post-29604","page","type-page","status-publish","hentry"],"_links":{"self":[{"href":"https:\/\/adelaide-charriere.com\/da\/wp-json\/wp\/v2\/pages\/29604","targetHints":{"allow":["GET"]}}],"collection":[{"href":"https:\/\/adelaide-charriere.com\/da\/wp-json\/wp\/v2\/pages"}],"about":[{"href":"https:\/\/adelaide-charriere.com\/da\/wp-json\/wp\/v2\/types\/page"}],"author":[{"embeddable":true,"href":"https:\/\/adelaide-charriere.com\/da\/wp-json\/wp\/v2\/users\/1"}],"replies":[{"embeddable":true,"href":"https:\/\/adelaide-charriere.com\/da\/wp-json\/wp\/v2\/comments?post=29604"}],"version-history":[{"count":2,"href":"https:\/\/adelaide-charriere.com\/da\/wp-json\/wp\/v2\/pages\/29604\/revisions"}],"predecessor-version":[{"id":30183,"href":"https:\/\/adelaide-charriere.com\/da\/wp-json\/wp\/v2\/pages\/29604\/revisions\/30183"}],"wp:attachment":[{"href":"https:\/\/adelaide-charriere.com\/da\/wp-json\/wp\/v2\/media?parent=29604"}],"curies":[{"name":"wp","href":"https:\/\/api.w.org\/{rel}","templated":true}]}}