{"id":29593,"date":"2019-09-25T10:35:11","date_gmt":"2019-09-25T08:35:11","guid":{"rendered":"https:\/\/adelaide-charriere.com\/nordisk-kultur\/"},"modified":"2019-09-25T10:35:13","modified_gmt":"2019-09-25T08:35:13","slug":"nordisk-kultur","status":"publish","type":"page","link":"https:\/\/adelaide-charriere.com\/da\/nordisk-kultur\/","title":{"rendered":"Nordisk kultur"},"content":{"rendered":"\n<p>Jeg er passioneret omnordisk kultur og derfor er involveret i flere skandinaviske foreninger.<\/p>\n\n<p><a href=\"http:\/\/www.nordiska.ch\">Nordiska:<\/a>skandinavisk ro klub i Z\u00fcrich. Det er en af de \u00e6ldste roklubber i Z\u00fcrich og samler udlejere af et skandinavisk sprog (dansk, svensk, norsk, finsk, islandsk) eller en person af skandinavisk afstamning.<\/p>\n\n<p><a href=\"https:\/\/geneve.swea.org\">SWEA<\/a> (Den svenske kvinde Uddannelsesforening International) Gen\u00e8ve: en forening, der samler svenske kvinder eller svenskt\u00e5lende. &#8230;<br\/><\/p>\n\n<p>Flexicurity i dansk stil (fleksibilitet og sikkerhed) forekommer mig at svare til de aktuelle udfordringer p\u00e5 arbejdsverdenen.<\/p>\n","protected":false},"excerpt":{"rendered":"<p>Jeg er passioneret omnordisk kultur og derfor er involveret i flere skandinaviske foreninger. Nordiska:skandinavisk ro klub i Z\u00fcrich. Det er en af de \u00e6ldste roklubber i Z\u00fcrich og samler udlejere af et skandinavisk sprog (dansk, svensk, norsk, finsk, islandsk) eller en person af skandinavisk afstamning. SWEA (Den svenske kvinde Uddannelsesforening International) Gen\u00e8ve: en forening, der [&hellip;]<\/p>\n","protected":false},"author":1,"featured_media":0,"parent":0,"menu_order":0,"comment_status":"closed","ping_status":"closed","template":"","meta":{"_et_pb_use_builder":"","_et_pb_old_content":"","_et_gb_content_width":"","footnotes":""},"class_list":["post-29593","page","type-page","status-publish","hentry"],"_links":{"self":[{"href":"https:\/\/adelaide-charriere.com\/da\/wp-json\/wp\/v2\/pages\/29593","targetHints":{"allow":["GET"]}}],"collection":[{"href":"https:\/\/adelaide-charriere.com\/da\/wp-json\/wp\/v2\/pages"}],"about":[{"href":"https:\/\/adelaide-charriere.com\/da\/wp-json\/wp\/v2\/types\/page"}],"author":[{"embeddable":true,"href":"https:\/\/adelaide-charriere.com\/da\/wp-json\/wp\/v2\/users\/1"}],"replies":[{"embeddable":true,"href":"https:\/\/adelaide-charriere.com\/da\/wp-json\/wp\/v2\/comments?post=29593"}],"version-history":[{"count":1,"href":"https:\/\/adelaide-charriere.com\/da\/wp-json\/wp\/v2\/pages\/29593\/revisions"}],"predecessor-version":[{"id":29595,"href":"https:\/\/adelaide-charriere.com\/da\/wp-json\/wp\/v2\/pages\/29593\/revisions\/29595"}],"wp:attachment":[{"href":"https:\/\/adelaide-charriere.com\/da\/wp-json\/wp\/v2\/media?parent=29593"}],"curies":[{"name":"wp","href":"https:\/\/api.w.org\/{rel}","templated":true}]}}