{"id":29588,"date":"2019-09-25T10:26:05","date_gmt":"2019-09-25T08:26:05","guid":{"rendered":"https:\/\/adelaide-charriere.com\/jci-2\/"},"modified":"2019-09-25T10:26:07","modified_gmt":"2019-09-25T08:26:07","slug":"jci-2","status":"publish","type":"page","link":"https:\/\/adelaide-charriere.com\/da\/jci-2\/","title":{"rendered":"JCI"},"content":{"rendered":"\n<p>Opdaget i 2010 p\u00e5 det europ\u00e6iske kapital m\u00f8de i Stockholm, Sverige, min forening inddragelse i Junior Chamber International (JCI) har givet mig mulighed for at udvikle mange lederevner, som team management, soft skills og skabelsen af nye projekter.<\/p>\n\n<p>Junior Chamber International (JCI) er en nonprofit, politisk og religi\u00f8st uafh\u00e6ngig organisation. Vi er det f\u00f8rende netv\u00e6rk for unge i 20\u2019erne og 30\u2019erne, der vil udvikle sig indenfor et eller flere af vores omr\u00e5der: Personal Development, Business, Community, International<br\/>JCI blev grundlagt i 1915 og er et stort internationalt netv\u00e6rk, som \u00e5bner op for en masse muligheder for dig som medlem. P\u00e5 verdensplan er der omkring 200.000 medlemmer, som spreder sig i mere end 100 nationer. Afh\u00e6ngig af hvor du er i verden vil du opleve, at JCI har forskellige betydninger, form\u00e5l samt kulturelle perspektiver. &#8230;.. JCI Danmark er en del af JCI International. \u201dI\u201d i JCI st\u00e5r for International og det er et vigtigt aspekt for organisationen. Netv\u00e6rk beh\u00f8ver ikke kun at v\u00e6re inden for landets gr\u00e6nser, og i JCI f\u00e5r du mulighed for at tage dit netv\u00e6rk til et internationalt perspektiv.<\/p>\n\n<p>Nogle projekter jeg initierete inden for JCI:<br\/><a href=\"http:\/\/www.fit4jobs.ch\">Fit4Jobs:<\/a>coaching af unge svejtsiske folk for deres s\u00f8gen efter l\u00e6ring<br\/><a href=\"http:\/\/www.jciyouthlab.ch\">JCI Youth Lab:<\/a>sommerlejr i Gen\u00e8ve om b\u00e6redygtig udvikling for unge fra Europa og Japan<br\/><a href=\"https:\/\/www.facebook.com\/GYAParis\/\">Global Youth Ambassadors:<\/a>fransk-japansk samarbejde om b\u00e6redygtig udvikling<\/p>\n\n<div class=\"wp-block-image\"><figure class=\"alignright is-resized\"><img loading=\"lazy\" decoding=\"async\" src=\"https:\/\/adelaide-charriere.com\/wp-content\/uploads\/2019\/09\/team-teenagers-SDG-Solution-Space-1024x643.jpg\" alt=\"\" class=\"wp-image-29465\" width=\"289\" height=\"181\" srcset=\"https:\/\/adelaide-charriere.com\/wp-content\/uploads\/2019\/09\/team-teenagers-SDG-Solution-Space-1024x643.jpg 1024w, https:\/\/adelaide-charriere.com\/wp-content\/uploads\/2019\/09\/team-teenagers-SDG-Solution-Space-300x188.jpg 300w, https:\/\/adelaide-charriere.com\/wp-content\/uploads\/2019\/09\/team-teenagers-SDG-Solution-Space-768x482.jpg 768w, https:\/\/adelaide-charriere.com\/wp-content\/uploads\/2019\/09\/team-teenagers-SDG-Solution-Space-400x250.jpg 400w, https:\/\/adelaide-charriere.com\/wp-content\/uploads\/2019\/09\/team-teenagers-SDG-Solution-Space-1080x678.jpg 1080w, https:\/\/adelaide-charriere.com\/wp-content\/uploads\/2019\/09\/team-teenagers-SDG-Solution-Space.jpg 2040w\" sizes=\"auto, (max-width: 289px) 100vw, 289px\" \/><\/figure><\/div>\n\n<div class=\"wp-block-image\"><figure class=\"alignleft is-resized\"><img loading=\"lazy\" decoding=\"async\" src=\"https:\/\/adelaide-charriere.com\/wp-content\/uploads\/2019\/09\/team-building-laugh-1024x768.jpg\" alt=\"\" class=\"wp-image-29468\" width=\"225\" height=\"169\" srcset=\"https:\/\/adelaide-charriere.com\/wp-content\/uploads\/2019\/09\/team-building-laugh-1024x768.jpg 1024w, https:\/\/adelaide-charriere.com\/wp-content\/uploads\/2019\/09\/team-building-laugh-300x225.jpg 300w, https:\/\/adelaide-charriere.com\/wp-content\/uploads\/2019\/09\/team-building-laugh-768x576.jpg 768w, https:\/\/adelaide-charriere.com\/wp-content\/uploads\/2019\/09\/team-building-laugh-510x382.jpg 510w, https:\/\/adelaide-charriere.com\/wp-content\/uploads\/2019\/09\/team-building-laugh-1080x810.jpg 1080w, https:\/\/adelaide-charriere.com\/wp-content\/uploads\/2019\/09\/team-building-laugh.jpg 2048w\" sizes=\"auto, (max-width: 225px) 100vw, 225px\" \/><\/figure><\/div>\n\n<figure class=\"wp-block-image is-resized\"><img loading=\"lazy\" decoding=\"async\" src=\"https:\/\/adelaide-charriere.com\/wp-content\/uploads\/2019\/09\/Team-JCI-YouthLab-UN.jpg\" alt=\"\" class=\"wp-image-29462\" width=\"579\" height=\"386\" srcset=\"https:\/\/adelaide-charriere.com\/wp-content\/uploads\/2019\/09\/Team-JCI-YouthLab-UN.jpg 960w, https:\/\/adelaide-charriere.com\/wp-content\/uploads\/2019\/09\/Team-JCI-YouthLab-UN-300x200.jpg 300w, https:\/\/adelaide-charriere.com\/wp-content\/uploads\/2019\/09\/Team-JCI-YouthLab-UN-768x513.jpg 768w\" sizes=\"auto, (max-width: 579px) 100vw, 579px\" \/><figcaption>JCI Youth Lab Group i FN<\/figcaption><\/figure>\n<p><span style=\"text-decoration: underline;\">Flere oplysninger:<\/span><br\/>Lokal: <a href=\"http:\/\/facebook.com\/JCIGenevaInternational\/\">JCI Geneva International<\/a><br\/>National: <a href=\"http:\/\/www.jci.ch\">JCI Svejts<\/a> og JCI Danmark www.jci.dk (Vi har eksisteret siden 1959 og har i dag omkring 650 medlemmer fordelt i mere end 35 afdelinger over hele landet.)<br\/>International: <a href=\"http:\/\/www.jci.cc\">Junior Chamber International<\/a><\/p>\n","protected":false},"excerpt":{"rendered":"<p>Opdaget i 2010 p\u00e5 det europ\u00e6iske kapital m\u00f8de i Stockholm, Sverige, min forening inddragelse i Junior Chamber International (JCI) har givet mig mulighed for at udvikle mange lederevner, som team management, soft skills og skabelsen af nye projekter. Junior Chamber International (JCI) er en nonprofit, politisk og religi\u00f8st uafh\u00e6ngig organisation. Vi er det f\u00f8rende netv\u00e6rk [&hellip;]<\/p>\n","protected":false},"author":1,"featured_media":0,"parent":0,"menu_order":0,"comment_status":"closed","ping_status":"closed","template":"","meta":{"_et_pb_use_builder":"","_et_pb_old_content":"","_et_gb_content_width":"","footnotes":""},"class_list":["post-29588","page","type-page","status-publish","hentry"],"_links":{"self":[{"href":"https:\/\/adelaide-charriere.com\/da\/wp-json\/wp\/v2\/pages\/29588","targetHints":{"allow":["GET"]}}],"collection":[{"href":"https:\/\/adelaide-charriere.com\/da\/wp-json\/wp\/v2\/pages"}],"about":[{"href":"https:\/\/adelaide-charriere.com\/da\/wp-json\/wp\/v2\/types\/page"}],"author":[{"embeddable":true,"href":"https:\/\/adelaide-charriere.com\/da\/wp-json\/wp\/v2\/users\/1"}],"replies":[{"embeddable":true,"href":"https:\/\/adelaide-charriere.com\/da\/wp-json\/wp\/v2\/comments?post=29588"}],"version-history":[{"count":1,"href":"https:\/\/adelaide-charriere.com\/da\/wp-json\/wp\/v2\/pages\/29588\/revisions"}],"predecessor-version":[{"id":29590,"href":"https:\/\/adelaide-charriere.com\/da\/wp-json\/wp\/v2\/pages\/29588\/revisions\/29590"}],"wp:attachment":[{"href":"https:\/\/adelaide-charriere.com\/da\/wp-json\/wp\/v2\/media?parent=29588"}],"curies":[{"name":"wp","href":"https:\/\/api.w.org\/{rel}","templated":true}]}}