{"id":29585,"date":"2019-09-25T10:10:47","date_gmt":"2019-09-25T08:10:47","guid":{"rendered":"https:\/\/adelaide-charriere.com\/japan\/"},"modified":"2019-09-25T10:10:49","modified_gmt":"2019-09-25T08:10:49","slug":"japan","status":"publish","type":"page","link":"https:\/\/adelaide-charriere.com\/da\/japan\/","title":{"rendered":"Japan"},"content":{"rendered":"\n<div class=\"wp-block-image\"><figure class=\"alignleft is-resized\"><img loading=\"lazy\" decoding=\"async\" src=\"https:\/\/adelaide-charriere.com\/wp-content\/uploads\/2019\/09\/2018-12-17-10.47.55-1024x768.jpg\" alt=\"\" class=\"wp-image-28947\" width=\"309\" height=\"232\" srcset=\"https:\/\/adelaide-charriere.com\/wp-content\/uploads\/2019\/09\/2018-12-17-10.47.55-1024x768.jpg 1024w, https:\/\/adelaide-charriere.com\/wp-content\/uploads\/2019\/09\/2018-12-17-10.47.55-300x225.jpg 300w, https:\/\/adelaide-charriere.com\/wp-content\/uploads\/2019\/09\/2018-12-17-10.47.55-768x576.jpg 768w, https:\/\/adelaide-charriere.com\/wp-content\/uploads\/2019\/09\/2018-12-17-10.47.55-510x382.jpg 510w, https:\/\/adelaide-charriere.com\/wp-content\/uploads\/2019\/09\/2018-12-17-10.47.55-1080x810.jpg 1080w\" sizes=\"auto, (max-width: 309px) 100vw, 309px\" \/><\/figure><\/div>\n\n<p>Japan og alt, hvad det repr\u00e6senterer som er mystisk&#8230; mangas, dens mange helligdomme &#8220;shrine&#8221;, den l\u00e6kre fisk og ris-baseret mad (intet sl\u00e5r, at Sakata, den smukkeste ris jeg har smagt!), den store respekt og omotenashi kultur&#8230;<\/p>\n\n<div class=\"wp-block-image\"><figure class=\"alignright is-resized\"><img loading=\"lazy\" decoding=\"async\" src=\"https:\/\/adelaide-charriere.com\/wp-content\/uploads\/2019\/09\/2018-12-21-23.13.22-2-1024x726.jpg\" alt=\"\" class=\"wp-image-28945\" width=\"218\" height=\"155\" srcset=\"https:\/\/adelaide-charriere.com\/wp-content\/uploads\/2019\/09\/2018-12-21-23.13.22-2-1024x726.jpg 1024w, https:\/\/adelaide-charriere.com\/wp-content\/uploads\/2019\/09\/2018-12-21-23.13.22-2-300x213.jpg 300w, https:\/\/adelaide-charriere.com\/wp-content\/uploads\/2019\/09\/2018-12-21-23.13.22-2-768x545.jpg 768w, https:\/\/adelaide-charriere.com\/wp-content\/uploads\/2019\/09\/2018-12-21-23.13.22-2-400x284.jpg 400w, https:\/\/adelaide-charriere.com\/wp-content\/uploads\/2019\/09\/2018-12-21-23.13.22-2-1080x766.jpg 1080w\" sizes=\"auto, (max-width: 218px) 100vw, 218px\" \/><\/figure><\/div>\n\n<p>I 2019 opholdt sig to og en halv m\u00e5ned i landet af stigende sol, om en m\u00e5ned i Tokyo for at tage et japansk sprogkursus, efterfulgt af ture.<br\/>At finde dig selv en studerende i en alder af 38, at v\u00e6re omgivet af unge i tyverne, der l\u00e6rer og holde tilbage hurtigt, der har andre bekymringer end at finde et job og v\u00e6re finansielt selvforsynende&#8230; Det var en stor oplevelse, afsluttet med en tale p\u00e5 japansk at takke l\u00e6rerne for deres fremragende undervisning og motivation!<\/p>\n\n<div class=\"wp-block-image\"><figure class=\"alignleft is-resized\"><img loading=\"lazy\" decoding=\"async\" src=\"https:\/\/adelaide-charriere.com\/wp-content\/uploads\/2019\/09\/2018-12-16-10.00.16-1024x768.jpg\" alt=\"\" class=\"wp-image-28943\" width=\"297\" height=\"223\" srcset=\"https:\/\/adelaide-charriere.com\/wp-content\/uploads\/2019\/09\/2018-12-16-10.00.16-1024x768.jpg 1024w, https:\/\/adelaide-charriere.com\/wp-content\/uploads\/2019\/09\/2018-12-16-10.00.16-300x225.jpg 300w, https:\/\/adelaide-charriere.com\/wp-content\/uploads\/2019\/09\/2018-12-16-10.00.16-768x576.jpg 768w, https:\/\/adelaide-charriere.com\/wp-content\/uploads\/2019\/09\/2018-12-16-10.00.16-510x382.jpg 510w, https:\/\/adelaide-charriere.com\/wp-content\/uploads\/2019\/09\/2018-12-16-10.00.16-1080x810.jpg 1080w\" sizes=\"auto, (max-width: 297px) 100vw, 297px\" \/><\/figure><\/div>\n\n<p>Betagende landskaber, mejslet bjerge, der kan skelnes fra toppen af flyet, k\u00e6rtegnede af vinden og naturens kr\u00e6fter&#8230;<\/p>\n\n<div class=\"wp-block-image\"><figure class=\"alignright is-resized\"><img loading=\"lazy\" decoding=\"async\" src=\"https:\/\/adelaide-charriere.com\/wp-content\/uploads\/2019\/09\/2018-12-22-17.03.51-1024x768.jpg\" alt=\"\" class=\"wp-image-28948\" width=\"300\" height=\"225\" srcset=\"https:\/\/adelaide-charriere.com\/wp-content\/uploads\/2019\/09\/2018-12-22-17.03.51-1024x768.jpg 1024w, https:\/\/adelaide-charriere.com\/wp-content\/uploads\/2019\/09\/2018-12-22-17.03.51-300x225.jpg 300w, https:\/\/adelaide-charriere.com\/wp-content\/uploads\/2019\/09\/2018-12-22-17.03.51-768x576.jpg 768w, https:\/\/adelaide-charriere.com\/wp-content\/uploads\/2019\/09\/2018-12-22-17.03.51-510x382.jpg 510w, https:\/\/adelaide-charriere.com\/wp-content\/uploads\/2019\/09\/2018-12-22-17.03.51-1080x810.jpg 1080w\" sizes=\"auto, (max-width: 300px) 100vw, 300px\" \/><\/figure><\/div>\n\n<p>Og havet er til stede i hele japansk kultur<\/p>\n\n<p>Sm\u00e5 og meget praktiske huse. Haver er meget sj\u00e6ldne i Japan, i betragtning af den manglende plads. Jeg smagte de l\u00e6kre klementiner fra Asaka, i udkanten af Tokyo. Min nabo fork\u00e6lede hans smukke have.<\/p>\n","protected":false},"excerpt":{"rendered":"<p>Japan og alt, hvad det repr\u00e6senterer som er mystisk&#8230; mangas, dens mange helligdomme &#8220;shrine&#8221;, den l\u00e6kre fisk og ris-baseret mad (intet sl\u00e5r, at Sakata, den smukkeste ris jeg har smagt!), den store respekt og omotenashi kultur&#8230; I 2019 opholdt sig to og en halv m\u00e5ned i landet af stigende sol, om en m\u00e5ned i Tokyo [&hellip;]<\/p>\n","protected":false},"author":1,"featured_media":0,"parent":0,"menu_order":0,"comment_status":"closed","ping_status":"closed","template":"","meta":{"_et_pb_use_builder":"off","_et_pb_old_content":"","_et_gb_content_width":"","footnotes":""},"class_list":["post-29585","page","type-page","status-publish","hentry"],"_links":{"self":[{"href":"https:\/\/adelaide-charriere.com\/da\/wp-json\/wp\/v2\/pages\/29585","targetHints":{"allow":["GET"]}}],"collection":[{"href":"https:\/\/adelaide-charriere.com\/da\/wp-json\/wp\/v2\/pages"}],"about":[{"href":"https:\/\/adelaide-charriere.com\/da\/wp-json\/wp\/v2\/types\/page"}],"author":[{"embeddable":true,"href":"https:\/\/adelaide-charriere.com\/da\/wp-json\/wp\/v2\/users\/1"}],"replies":[{"embeddable":true,"href":"https:\/\/adelaide-charriere.com\/da\/wp-json\/wp\/v2\/comments?post=29585"}],"version-history":[{"count":1,"href":"https:\/\/adelaide-charriere.com\/da\/wp-json\/wp\/v2\/pages\/29585\/revisions"}],"predecessor-version":[{"id":29587,"href":"https:\/\/adelaide-charriere.com\/da\/wp-json\/wp\/v2\/pages\/29585\/revisions\/29587"}],"wp:attachment":[{"href":"https:\/\/adelaide-charriere.com\/da\/wp-json\/wp\/v2\/media?parent=29585"}],"curies":[{"name":"wp","href":"https:\/\/api.w.org\/{rel}","templated":true}]}}