{"id":29582,"date":"2019-09-25T10:10:41","date_gmt":"2019-09-25T08:10:41","guid":{"rendered":"https:\/\/adelaide-charriere.com\/esperanto-2\/"},"modified":"2019-09-25T10:10:42","modified_gmt":"2019-09-25T08:10:42","slug":"esperanto-2","status":"publish","type":"page","link":"https:\/\/adelaide-charriere.com\/da\/esperanto-2\/","title":{"rendered":"Esperanto"},"content":{"rendered":"\n<p><strong>Esperanto<\/strong> er et internationalt sprog bygget i 1887 af polsk l\u00e6ge Louis Lazare Zamenhof. Det bruges som et k\u00f8re sprog af mennesker fra mere end 120 lande, herunder som deres modersm\u00e5l. Esperanto er ikke det officielle sprog i nogen stat, derfor giver det mulighed for at etablere en neutral bro mellem kulturer.<\/p>\n\n<p>Jeg l\u00e6rte Esperanto i en alder af 9, p\u00e5 et tidspunkt, hvor internettet stadig meget sj\u00e6lden var og personlige e-mails ikke eksisterede endnu&#8230; Et sprog, der tillod mig at modtage mange breve fra hele verden og til at \u00e5bne mig fra barndommen til rigdom af fremmede kulturer.<\/p>\n\n<p>Junaj idealistoj, Dolchamar<\/p>\n\n<figure class=\"wp-block-embed-youtube wp-block-embed is-type-video is-provider-youtube wp-embed-aspect-16-9 wp-has-aspect-ratio\"><div class=\"wp-block-embed__wrapper\">\n<iframe loading=\"lazy\" title=\"Dolchamar - Junaj idealistoj video\" width=\"1080\" height=\"608\" src=\"https:\/\/www.youtube.com\/embed\/k4rcYtep0F8?feature=oembed\" frameborder=\"0\" allow=\"accelerometer; autoplay; encrypted-media; gyroscope; picture-in-picture\" allowfullscreen><\/iframe>\n<\/div><\/figure>\n<p>Links<br\/><a href=\"https:\/\/uea.org\">UEA<\/a> (Universala Esperanto Asocio)<br\/><a href=\"https:\/\/www.tejo.org\">Tejo<\/a> (Tutmonda Esperanto Junulara Organizo)<br\/>L\u00e6r p\u00e5 <a href=\"https:\/\/lernu.net\/en\">lernu<\/a><\/p>\n","protected":false},"excerpt":{"rendered":"<p>Esperanto er et internationalt sprog bygget i 1887 af polsk l\u00e6ge Louis Lazare Zamenhof. Det bruges som et k\u00f8re sprog af mennesker fra mere end 120 lande, herunder som deres modersm\u00e5l. Esperanto er ikke det officielle sprog i nogen stat, derfor giver det mulighed for at etablere en neutral bro mellem kulturer. Jeg l\u00e6rte Esperanto [&hellip;]<\/p>\n","protected":false},"author":1,"featured_media":0,"parent":0,"menu_order":0,"comment_status":"closed","ping_status":"closed","template":"","meta":{"_et_pb_use_builder":"","_et_pb_old_content":"","_et_gb_content_width":"","footnotes":""},"class_list":["post-29582","page","type-page","status-publish","hentry"],"_links":{"self":[{"href":"https:\/\/adelaide-charriere.com\/da\/wp-json\/wp\/v2\/pages\/29582","targetHints":{"allow":["GET"]}}],"collection":[{"href":"https:\/\/adelaide-charriere.com\/da\/wp-json\/wp\/v2\/pages"}],"about":[{"href":"https:\/\/adelaide-charriere.com\/da\/wp-json\/wp\/v2\/types\/page"}],"author":[{"embeddable":true,"href":"https:\/\/adelaide-charriere.com\/da\/wp-json\/wp\/v2\/users\/1"}],"replies":[{"embeddable":true,"href":"https:\/\/adelaide-charriere.com\/da\/wp-json\/wp\/v2\/comments?post=29582"}],"version-history":[{"count":1,"href":"https:\/\/adelaide-charriere.com\/da\/wp-json\/wp\/v2\/pages\/29582\/revisions"}],"predecessor-version":[{"id":29584,"href":"https:\/\/adelaide-charriere.com\/da\/wp-json\/wp\/v2\/pages\/29582\/revisions\/29584"}],"wp:attachment":[{"href":"https:\/\/adelaide-charriere.com\/da\/wp-json\/wp\/v2\/media?parent=29582"}],"curies":[{"name":"wp","href":"https:\/\/api.w.org\/{rel}","templated":true}]}}