{"id":29579,"date":"2019-09-25T10:04:00","date_gmt":"2019-09-25T08:04:00","guid":{"rendered":"https:\/\/adelaide-charriere.com\/svejts\/"},"modified":"2019-09-25T10:04:01","modified_gmt":"2019-09-25T08:04:01","slug":"svejts","status":"publish","type":"page","link":"https:\/\/adelaide-charriere.com\/da\/svejts\/","title":{"rendered":"Svejts"},"content":{"rendered":"\n<p>Land, hvor jeg valgte at s\u00e6tte mine kufferter og styrke mine r\u00f8dder.<\/p>\n\n<p>P\u00e5 den tysk-svetjsiske side i Z\u00fcrich, hvor jeg smagte gl\u00e6derne ved at l\u00f8be om morgenen til toppen af Uetliberg for at beundre solopgangen, eller tage toget fra Triemli og g\u00e5 ned ved sl\u00e6de gennem den smukke sned\u00e6kkede k\u00e6lkebane om vinteren.<br\/>L\u00e6r tysk svejtsisk gennem mit arbejde og associative aktiviteter med <a href=\"http:\/\/www.jci.ch\">JCI.<\/a> <br\/>\u00d8v dansk og r\u00e6kke p\u00e5 <a href=\"http:\/\/www.nordiska.ch\">Nordiska<\/a> Scandinavisk ro Club<\/p>\n\n<p>Tilbage p\u00e5 den franske side, s\u00e6tter jeg pris p\u00e5 den Vaud natur, t\u00e6t p\u00e5 s\u00f8en og bjergene.<br\/>Ikke gem til at tale om international <a href=\"https:\/\/www.nytimes.com\/2019\/09\/12\/travel\/what-to-do-36-hours-in-geneva.html?smid=nytcore-ios-share&amp;fbclid=IwAR1QnttiXIBJ8mN8XhXEZ2relpSpe5K5tKhefKXmXw66qb0otHLy5pLlsFo\">Gen\u00e8ve,<\/a> der udstr\u00e5ler over gr\u00e6nser gennem sine mange internationale organisationer p\u00e5 sit territorium.<\/p>\n\n<div class=\"wp-block-image\"><figure class=\"alignleft is-resized\"><img loading=\"lazy\" decoding=\"async\" src=\"https:\/\/adelaide-charriere.com\/wp-content\/uploads\/2019\/09\/Geneva-at-night-FabriceCoffrini.jpg\" alt=\"\" class=\"wp-image-28953\" width=\"493\" height=\"371\" srcset=\"https:\/\/adelaide-charriere.com\/wp-content\/uploads\/2019\/09\/Geneva-at-night-FabriceCoffrini.jpg 1000w, https:\/\/adelaide-charriere.com\/wp-content\/uploads\/2019\/09\/Geneva-at-night-FabriceCoffrini-300x225.jpg 300w, https:\/\/adelaide-charriere.com\/wp-content\/uploads\/2019\/09\/Geneva-at-night-FabriceCoffrini-768x576.jpg 768w\" sizes=\"auto, (max-width: 493px) 100vw, 493px\" \/><figcaption>Gen\u00e8ve og deres smukke lyserne&#8230;<\/figcaption><\/figure><\/div>\n","protected":false},"excerpt":{"rendered":"<p>Land, hvor jeg valgte at s\u00e6tte mine kufferter og styrke mine r\u00f8dder. P\u00e5 den tysk-svetjsiske side i Z\u00fcrich, hvor jeg smagte gl\u00e6derne ved at l\u00f8be om morgenen til toppen af Uetliberg for at beundre solopgangen, eller tage toget fra Triemli og g\u00e5 ned ved sl\u00e6de gennem den smukke sned\u00e6kkede k\u00e6lkebane om vinteren.L\u00e6r tysk svejtsisk gennem [&hellip;]<\/p>\n","protected":false},"author":1,"featured_media":0,"parent":0,"menu_order":0,"comment_status":"closed","ping_status":"closed","template":"","meta":{"_et_pb_use_builder":"off","_et_pb_old_content":"","_et_gb_content_width":"","footnotes":""},"class_list":["post-29579","page","type-page","status-publish","hentry"],"_links":{"self":[{"href":"https:\/\/adelaide-charriere.com\/da\/wp-json\/wp\/v2\/pages\/29579","targetHints":{"allow":["GET"]}}],"collection":[{"href":"https:\/\/adelaide-charriere.com\/da\/wp-json\/wp\/v2\/pages"}],"about":[{"href":"https:\/\/adelaide-charriere.com\/da\/wp-json\/wp\/v2\/types\/page"}],"author":[{"embeddable":true,"href":"https:\/\/adelaide-charriere.com\/da\/wp-json\/wp\/v2\/users\/1"}],"replies":[{"embeddable":true,"href":"https:\/\/adelaide-charriere.com\/da\/wp-json\/wp\/v2\/comments?post=29579"}],"version-history":[{"count":1,"href":"https:\/\/adelaide-charriere.com\/da\/wp-json\/wp\/v2\/pages\/29579\/revisions"}],"predecessor-version":[{"id":29581,"href":"https:\/\/adelaide-charriere.com\/da\/wp-json\/wp\/v2\/pages\/29579\/revisions\/29581"}],"wp:attachment":[{"href":"https:\/\/adelaide-charriere.com\/da\/wp-json\/wp\/v2\/media?parent=29579"}],"curies":[{"name":"wp","href":"https:\/\/api.w.org\/{rel}","templated":true}]}}