{"id":29576,"date":"2019-09-25T10:03:54","date_gmt":"2019-09-25T08:03:54","guid":{"rendered":"https:\/\/adelaide-charriere.com\/2030-sdgs-spil\/"},"modified":"2020-10-14T21:44:28","modified_gmt":"2020-10-14T19:44:28","slug":"2030-sdgs-spil","status":"publish","type":"page","link":"https:\/\/adelaide-charriere.com\/da\/2030-sdgs-spil\/","title":{"rendered":"2030 SDGs spil"},"content":{"rendered":"<p>[et_pb_section fb_built=&#8221;1&#8243; _builder_version=&#8221;3.22.3&#8243;][et_pb_row custom_padding=&#8221;29px|53px||||&#8221; _builder_version=&#8221;3.25.4&#8243; background_size=&#8221;initial&#8221; background_position=&#8221;top_left&#8221; background_repeat=&#8221;repeat&#8221; min_height=&#8221;87px&#8221;][et_pb_column type=&#8221;4_4&#8243; _builder_version=&#8221;3.25&#8243; custom_padding=&#8221;|||&#8221; custom_padding__hover=&#8221;|||&#8221;][et_pb_image src=&#8221;https:\/\/adelaide-charriere.com\/wp-content\/uploads\/2019\/12\/2030sdgs_logo-small.jpg&#8221; _builder_version=&#8221;3.25.4&#8243; width=&#8221;26.7%&#8221; min_height=&#8221;136px&#8221; custom_margin=&#8221;|729px||||&#8221; custom_padding=&#8221;|126px|0px|||&#8221;][\/et_pb_image][\/et_pb_column][\/et_pb_row][et_pb_row column_structure=&#8221;3_5,2_5&#8243; custom_padding=&#8221;27px||6px|||&#8221; custom_margin=&#8221;|auto|-31px|auto||&#8221; _builder_version=&#8221;3.25.4&#8243; background_size=&#8221;initial&#8221; background_position=&#8221;top_left&#8221; background_repeat=&#8221;repeat&#8221;][et_pb_column type=&#8221;3_5&#8243; _builder_version=&#8221;3.25&#8243; custom_padding=&#8221;|||&#8221; custom_padding__hover=&#8221;|||&#8221;][et_pb_text _builder_version=&#8221;3.25.4&#8243; width=&#8221;80.3%&#8221; custom_margin=&#8221;|-71px||||&#8221; custom_padding=&#8221;||29px|||&#8221;]<\/p>\n<div class=\"original-sentence-container\" data-mrk-id=\"mrk_149222052\"><\/div>\n<p>Spillet \u201c2030 SDGs spil\u201d (b\u00e6redygtigt udvikling m\u00e5l spil) er en oplevelse, som hj\u00e6lper med at forst\u00e5, hvorfor udviklingsm\u00e5l er vigtige, og hvad der er vores mulige indvirkning p\u00e5 opbygningen af en verden, der svarer til vores v\u00e6rdier.<\/p>\n<p><span style=\"font-size: 14px;\"><span>Den \u201c2030 SDGs spil\u201d (b\u00e6redygtig udvikling m\u00e5l spil) er en oplevelse, som hj\u00e6lper med at forst\u00e5, hvorfor udviklingsm\u00e5l er vigtige, og hvad der er vores mulige indvirkning p\u00e5 opbygningen af en verden, der svarer til vores v\u00e6rdier.<\/span><br \/><span>I mere end 4 \u00e5r har det v\u00e6ret en stor succes i Japan. Dette spil er blevet et kraftfuldt socialt f\u00e6nomen, nyder bred medied\u00e6kning og med mere end 150.000 deltagere. Spillets sessioner afholdes i virksomheder, regeringer, skoler og forskellige samfund. Spillets sessioner afholdes i virksomheder, regeringer, skoler og forskellige samfund. <\/span> <\/span><span style=\"font-size: 14px;\"> <\/span><\/p>\n<div class=\"original-sentence-container\" data-mrk-id=\"mrk_149222052\"><\/div>\n<p>[\/et_pb_text][\/et_pb_column][et_pb_column type=&#8221;2_5&#8243; _builder_version=&#8221;3.25.4&#8243;][et_pb_text _builder_version=&#8221;3.0.74&#8243; background_size=&#8221;initial&#8221; background_position=&#8221;top_left&#8221; background_repeat=&#8221;repeat&#8221; width=&#8221;84.7%&#8221; min_height=&#8221;259px&#8221; custom_padding=&#8221;0px||2px|||&#8221;]<!-- divi:paragraph --><\/p>\n<p><!-- \/divi:paragraph --> <!-- divi:gallery {\"ids\":[28923]} --><\/p>\n<ul class=\"wp-block-gallery columns-1 is-cropped\">\n<li class=\"blocks-gallery-item\">\n<figure><img loading=\"lazy\" decoding=\"async\" width=\"425\" height=\"319\" class=\"wp-image-28923\" src=\"https:\/\/adelaide-charriere.com\/wp-content\/uploads\/2019\/07\/2019-02-24-SDG-game-team-Kanazawa-small.jpg\" alt=\"\" data-id=\"28923\" data-link=\"https:\/\/adelaide-charriere.com\/2030-sdgs-game\/2019-02-24-sdg-game-team-kanazawa-small\/\" srcset=\"https:\/\/adelaide-charriere.com\/wp-content\/uploads\/2019\/07\/2019-02-24-SDG-game-team-Kanazawa-small.jpg 425w, https:\/\/adelaide-charriere.com\/wp-content\/uploads\/2019\/07\/2019-02-24-SDG-game-team-Kanazawa-small-300x225.jpg 300w\" sizes=\"auto, (max-width: 425px) 100vw, 425px\" \/><figcaption>Spil session p\u00e5 Kanazawa-konferencen (Japan) om SDGs&#8217;erne<\/figcaption><\/figure>\n<\/li>\n<\/ul>\n<p><!-- \/divi:gallery -->[\/et_pb_text][\/et_pb_column][\/et_pb_row][et_pb_row min_height=&#8221;63px&#8221; _builder_version=&#8221;3.25.4&#8243;][et_pb_column type=&#8221;4_4&#8243; _builder_version=&#8221;3.25.4&#8243;][et_pb_text _builder_version=&#8221;3.25.4&#8243;]<\/p>\n<h2>M\u00e5l og hvordan spillet udfolder sig<\/h2>\n<p>[\/et_pb_text][\/et_pb_column][\/et_pb_row][et_pb_row column_structure=&#8221;3_5,2_5&#8243; _builder_version=&#8221;3.25.4&#8243; custom_margin=&#8221;-25px|auto||auto||&#8221; min_height=&#8221;461px&#8221;][et_pb_column type=&#8221;3_5&#8243; _builder_version=&#8221;3.25.4&#8243;][et_pb_image src=&#8221;https:\/\/adelaide-charriere.com\/wp-content\/uploads\/2019\/12\/Schema-SDGs-game.jpeg&#8221; _builder_version=&#8221;3.25.4&#8243; width=&#8221;99.9%&#8221; custom_padding=&#8221;|0px||||&#8221;][\/et_pb_image][\/et_pb_column][et_pb_column type=&#8221;2_5&#8243; _builder_version=&#8221;3.25.4&#8243;][et_pb_text _builder_version=&#8221;3.25.4&#8243;]<\/p>\n<p><u>Spil m\u00e5l:<br \/><\/u> Dette spil er en oplevelse, der hj\u00e6lper med at forst\u00e5, hvorfor udviklingsm\u00e5l (SDGs p\u00e5 engelsk) er vigtige, og hvad der er vores mulige indvirkning p\u00e5 opbygningen af en verden, der svarer til vores v\u00e6rdier. Dette multi-spiller kort-baserede spil simulerer, hvordan verden kan se ud i 2030.<\/p>\n<p><u> <br \/> Beskrivelse af spillet:  <br \/> <\/u>Deltagerne modtager tid og penge til at gennemf\u00f8re projekter og arbejde hen imod deres m\u00e5l. Barometrene i verden (\u00f8konomi, milj\u00f8, samfund) vil udvikle sig i overensstemmelse hermed.<\/p>\n<p>Hvilket resultat kommer p\u00e5 den m\u00e5de, som du spiller spillet? Vil du skabe en velst\u00e5ende, retf\u00e6rdig og b\u00e6redygtig verden?<br \/>Eller vil verdenen i 2030 v\u00e6re endnu mere ubalanceret, end den er i dag? <\/p>\n<p> Tak til <a href=\"https:\/\/www.linkedin.com\/in\/antoine-louisgrand-1a5681178\/\">Antoine Louisgrand<\/a> for hans grafiske facilitering<\/p>\n<p>[\/et_pb_text][\/et_pb_column][\/et_pb_row][et_pb_row column_structure=&#8221;1_2,1_4,1_4&#8243; _builder_version=&#8221;3.25.4&#8243;][et_pb_column type=&#8221;1_2&#8243; _builder_version=&#8221;3.25.4&#8243;][et_pb_image src=&#8221;https:\/\/adelaide-charriere.com\/wp-content\/uploads\/2019\/12\/2019-11-08-10.15.54-exchanges.jpg&#8221; _builder_version=&#8221;3.25.4&#8243; custom_padding=&#8221;|0px||||&#8221;][\/et_pb_image][\/et_pb_column][et_pb_column type=&#8221;1_4&#8243; _builder_version=&#8221;3.25.4&#8243;][et_pb_text _builder_version=&#8221;3.25.4&#8243; width=&#8221;99.9%&#8221;]<\/p>\n<p><span><u>Krav og udfoldelse <br \/> <\/u>Spillet er designet til at blive spillet af 5 til 50 spillere. Det er muligt at spille med omkring 100 spillere; med flere parallelle &#8220;verdner&#8221;, der fungerer p\u00e5 samme tid.<\/span><\/p>\n<p>&nbsp;<\/p>\n<p>Spillet varer ca. 1 time.<br \/>Den anbefalede varighed for hele oplevelsen er 3 timer; herunder pr\u00e6sentationen af SDGs, forklaring af reglerne, aktive spil-faser og den vigtige gruppe refleksion efter spillet.<\/p>\n<p>[\/et_pb_text][\/et_pb_column][et_pb_column type=&#8221;1_4&#8243; _builder_version=&#8221;3.25.4&#8243;][et_pb_image src=&#8221;https:\/\/adelaide-charriere.com\/wp-content\/uploads\/2019\/12\/2019-09-28-WCM-AlexandrePascal.jpg&#8221; _builder_version=&#8221;3.25.4&#8243; custom_padding=&#8221;|25px||||&#8221;][\/et_pb_image][\/et_pb_column][\/et_pb_row][et_pb_row column_structure=&#8221;1_2,1_2&#8243; _builder_version=&#8221;3.25.4&#8243;][et_pb_column type=&#8221;1_2&#8243; _builder_version=&#8221;3.25.4&#8243;][et_pb_image src=&#8221;https:\/\/adelaide-charriere.com\/wp-content\/uploads\/2019\/12\/2019-11-08-10.24.01.jpg&#8221; _builder_version=&#8221;3.25.4&#8243;][\/et_pb_image][\/et_pb_column][et_pb_column type=&#8221;1_2&#8243; _builder_version=&#8221;3.25.4&#8243;][et_pb_text _builder_version=&#8221;3.25.4&#8243; width=&#8221;100%&#8221;]<u>Hvem kan spille spillet?<\/u><br \/>\nDette spil er \u00e5bent for alle, selv om du ikke har noget forudg\u00e5ende kendskab til b\u00e6redygtighed. Det er blevet spillet af store globale virksomheder, embedsm\u00e6nd, studerende, aktivister og andre. Jo flere deltagere i spillet, der kommer fra forskellige baggrunde, jo mere repr\u00e6senterer det samfundet.<br \/>\n<span style=\"font-size: 14px;\"> <\/span><\/p>\n<p>Mere information om <a href=\"http:\/\/www.2030sdgsgame.com\">spil<\/a> i Japan.<span style=\"font-size: 14px;\"> <\/span><span style=\"font-size: 14px;\"> <\/span>[\/et_pb_text][et_pb_text _builder_version=&#8221;3.25.4&#8243; custom_margin=&#8221;||14px|||&#8221;]<\/p>\n<h2>Deltageres mening om spillet<\/h2>\n<p>[\/et_pb_text][et_pb_button button_url=&#8221;https:\/\/adelaide-charriere.com\/temoignages-sdgs-game\/&#8221; button_text=&#8221;Udtalelser&#8221; _builder_version=&#8221;3.25.4&#8243;][\/et_pb_button][\/et_pb_column][\/et_pb_row][et_pb_row column_structure=&#8221;3_5,2_5&#8243; _builder_version=&#8221;3.25.4&#8243;][et_pb_column type=&#8221;3_5&#8243; _builder_version=&#8221;3.25.4&#8243;][et_pb_text _builder_version=&#8221;3.25.4&#8243;]<\/p>\n<h2 class=\"heading\">Hvordan bringer jeg spillet til mit f\u00e6llesskab?<\/h2>\n<div class=\"text-block\">\n<p>Vi er altid p\u00e5 udkig efter steder og interesserede ledere som vil byde os velkommen. Dette spil er en stor ressource og en katalysator for folk, der \u00f8nsker at inspirere, motivere og give deres samfund eller organisation mulighed for at overholde visionen om en b\u00e6redygtig verden.<\/p>\n<p>Hvis du gerne vil organisere spillet, bedes du kontakte mig ved hj\u00e6lp af nedenst\u00e5ende formular.<\/p>\n<\/div>\n<p>[\/et_pb_text][et_pb_button button_url=&#8221;https:\/\/adelaide-charriere.com\/contact\/&#8221; button_text=&#8221;Kontakt&#8221; _builder_version=&#8221;3.25.4&#8243;][\/et_pb_button][\/et_pb_column][et_pb_column type=&#8221;2_5&#8243; _builder_version=&#8221;3.25.4&#8243;][et_pb_image src=&#8221;https:\/\/adelaide-charriere.com\/wp-content\/uploads\/2019\/12\/20181101_Imacocolabo_English-29.jpg&#8221; _builder_version=&#8221;3.25.4&#8243; min_height=&#8221;192px&#8221;][\/et_pb_image][\/et_pb_column][\/et_pb_row][\/et_pb_section]<\/p>\n","protected":false},"excerpt":{"rendered":"<p>Spillet \u201c2030 SDGs spil\u201d (b\u00e6redygtigt udvikling m\u00e5l spil) er en oplevelse, som hj\u00e6lper med at forst\u00e5, hvorfor udviklingsm\u00e5l er vigtige, og hvad der er vores mulige indvirkning p\u00e5 opbygningen af en verden, der svarer til vores v\u00e6rdier. Den \u201c2030 SDGs spil\u201d (b\u00e6redygtig udvikling m\u00e5l spil) er en oplevelse, som hj\u00e6lper med at forst\u00e5, hvorfor udviklingsm\u00e5l [&hellip;]<\/p>\n","protected":false},"author":1,"featured_media":0,"parent":0,"menu_order":0,"comment_status":"closed","ping_status":"closed","template":"","meta":{"_et_pb_use_builder":"on","_et_pb_old_content":"","_et_gb_content_width":"","footnotes":""},"class_list":["post-29576","page","type-page","status-publish","hentry"],"_links":{"self":[{"href":"https:\/\/adelaide-charriere.com\/da\/wp-json\/wp\/v2\/pages\/29576","targetHints":{"allow":["GET"]}}],"collection":[{"href":"https:\/\/adelaide-charriere.com\/da\/wp-json\/wp\/v2\/pages"}],"about":[{"href":"https:\/\/adelaide-charriere.com\/da\/wp-json\/wp\/v2\/types\/page"}],"author":[{"embeddable":true,"href":"https:\/\/adelaide-charriere.com\/da\/wp-json\/wp\/v2\/users\/1"}],"replies":[{"embeddable":true,"href":"https:\/\/adelaide-charriere.com\/da\/wp-json\/wp\/v2\/comments?post=29576"}],"version-history":[{"count":10,"href":"https:\/\/adelaide-charriere.com\/da\/wp-json\/wp\/v2\/pages\/29576\/revisions"}],"predecessor-version":[{"id":30179,"href":"https:\/\/adelaide-charriere.com\/da\/wp-json\/wp\/v2\/pages\/29576\/revisions\/30179"}],"wp:attachment":[{"href":"https:\/\/adelaide-charriere.com\/da\/wp-json\/wp\/v2\/media?parent=29576"}],"curies":[{"name":"wp","href":"https:\/\/api.w.org\/{rel}","templated":true}]}}